{"id":76,"date":"2025-02-03T13:21:37","date_gmt":"2025-02-03T13:21:37","guid":{"rendered":"https:\/\/dovida.ch.bluebird.pw\/?page_id=76"},"modified":"2025-05-01T12:04:09","modified_gmt":"2025-05-01T12:04:09","slug":"accompagnant","status":"publish","type":"page","link":"https:\/\/dovida.ch.bluebird.pw\/fr\/carriere\/accompagnant\/","title":{"rendered":"Accompagnant"},"content":{"rendered":"\n<section class=\"wp-block-dovida-split-screen-cover mt-split-screen-cover mt-split-screen-cover--align-media-left\"><div class=\"mt-split-screen-cover__inner page-container\"><div class=\"mt-split-screen-cover__image-container object-fit\"><img decoding=\"async\" class=\"mt-split-screen-cover__image-container object-fit\" src=\"https:\/\/dovida.ch.bluebird.pw\/wp-content\/uploads\/sites\/7\/2025\/02\/dovida-caregiver-portrait-in-home-care-scaled.jpg\" alt=\"Un accompagnant portant une chemise rouge Dovida se tient debout, confiante, pr\u00eat \u00e0 aider en tant qu\u2019accompagnant pour personnes \u00e2g\u00e9es. \" style=\"object-position:center\"\/><\/div><div class=\"mt-split-screen-cover__text-container\"><h1 class=\"mt-title mt-split-screen-cover__title mt-title\">Accompagnante ou accompagnant chez Dovida<\/h1>\n<p>Devenez accompagnant\/e et changez la vie des personnes \u00e2g\u00e9es<\/p>\n\n\n\n<div class=\"wp-block-buttons is-layout-flex wp-block-buttons-is-layout-flex\">\n<div class=\"wp-block-button\"><a class=\"wp-block-button__link wp-element-button\" href=\"https:\/\/eu-1.fountain.com\/c\/dovida-switzerland\/dovida-schweiz\/CH\" target=\"_blank\" rel=\"noreferrer noopener\">Postuler maintenant<\/a><\/div>\n<\/div>\n<\/div><\/div><\/section>\n\n\n\n<section class=\"mtSpacing-top-large wp-block-dovida-post-content mt-post-content\"><div class=\"mt-post-content__inner\"><div class=\"mt-post-content__content\">\n<h2 class=\"wp-block-heading\">Devenez accompagnant\/e pour personnes \u00e2g\u00e9es<\/h2>\n\n\n\n<p>En tant qu\u2019accompagnant\/e Dovida en Suisse, vous fournirez une aide essentielle aux personnes \u00e2g\u00e9es \u00e0 leur domicile.<\/p>\n\n\n\n<p>Notre approche de l\u2019accompagnement centr\u00e9e sur la personne signifie que vous travaillerez constamment aupr\u00e8s des m\u00eames clients, cr\u00e9ant des liens enrichissants tout en leur donnant les moyens de vivre leur vie pleinement et de mani\u00e8re plus ind\u00e9pendante.<\/p>\n\n\n\n<p>Que vous soyez un\/e accompagnant\/e exp\u00e9riment\u00e9\/e ou que vous souhaitiez d\u00e9buter une nouvelle carri\u00e8re gratifiante, nous assurons une formation compl\u00e8te et un soutien continu pour vous aider \u00e0 r\u00e9ussir.<\/p>\n\n\n\n<p>Avec des options d\u2019horaires et de postes flexibles disponibles dans de multiples endroits, vous pouvez trouver un emploi qui correspond \u00e0 votre mode de vie.<\/p>\n<\/div><\/div><\/section>\n\n\n\n<section class=\"mtSpacing-top-large wp-block-morningmodules-text-link-boxes mt-text-link-boxes mt-text-link-boxes--mobile-slider\" data-count=\"3\"><div class=\"mt-text-link-boxes__wrapper\"><div class=\"mt-text-link-boxes__inner\"><div class=\"mt-text-link-boxes__text-container\"><h2 class=\"mt-title mt-text-link-boxes__title mt-title\">Avantages d\u2019un\/e accompagnant\/e Dovida<\/h2><p class=\"mt-text-link-boxes__text\">Int\u00e9grez notre \u00e9quipe d\u2019accompagnants pour une carri\u00e8re gratifiante\u00a0<\/p><\/div><div class=\"mt-text-link-boxes__boxes-wrapper\"><div class=\"swiper\"><div class=\"swiper-wrapper\">\n<div class=\"wp-block-morningmodules-text-link-box mt-text-link-box swiper-slide\"><div class=\"mt-text-link-box__title-container\"><div class=\"mt-text-link-box__icon-container\"><img decoding=\"async\" src=\"https:\/\/dovida.ch.bluebird.pw\/wp-content\/uploads\/sites\/7\/2025\/02\/Checkmark_icon.svg\" alt=\"\" style=\"object-position:center\"\/><\/div><h3 class=\"mt-title mt-text-link-box__title mt-title\">Horaires flexibles&nbsp;<\/h3><\/div><p class=\"mt-text-link-box__text\">Horaires de travail adapt\u00e9s \u00e0 votre mode de vie avec options pour des horaires vari\u00e9s<\/p><\/div>\n\n\n\n<div class=\"wp-block-morningmodules-text-link-box mt-text-link-box swiper-slide\"><div class=\"mt-text-link-box__title-container\"><div class=\"mt-text-link-box__icon-container\"><img decoding=\"async\" src=\"https:\/\/dovida.ch.bluebird.pw\/wp-content\/uploads\/sites\/7\/2025\/02\/Person_heart.svg\" alt=\"\" style=\"object-position:center\"\/><\/div><h3 class=\"mt-title mt-text-link-box__title mt-title\">Des conditions de travail \u00e9quitables<\/h3><\/div><p class=\"mt-text-link-box__text\">Dovida est soumise \u00e0 la convention collective de travail (CCT) de location de services. Une CCT est synonyme d&rsquo;\u00e9quit\u00e9, de pr\u00e9visibilit\u00e9, de stabilit\u00e9 et constitue la meilleure garantie de bonnes conditions de travail.<\/p><\/div>\n\n\n\n<div class=\"wp-block-morningmodules-text-link-box mt-text-link-box swiper-slide\"><div class=\"mt-text-link-box__title-container\"><div class=\"mt-text-link-box__icon-container\"><img decoding=\"async\" src=\"https:\/\/dovida.ch.bluebird.pw\/wp-content\/uploads\/sites\/7\/2025\/02\/Home_heart.svg\" alt=\"\" style=\"object-position:center\"\/><\/div><h3 class=\"mt-title mt-text-link-box__title mt-title\">Un travail qui a du sens<\/h3><\/div><p class=\"mt-text-link-box__text\">\u00c9prouvez la joie d\u2019avoir un impact r\u00e9el et significatif sur la vie des gens.<\/p><\/div>\n<\/div><\/div><div class=\"mt-text-link-boxes__navigation swiper-bottom-container\"><div class=\"mt-text-link-boxes__swiper-progress swiper-progress\"><\/div><div class=\"mt-text-link-boxes__swiper-buttons swiper-buttons\"><div class=\"mt-text-link-boxes__swiper-button mt-text-link-boxes__swiper-button--prev swiper-button-prev\"><svg xmlns=\"http:\/\/www.w3.org\/2000\/svg\" fill=\"none\" viewBox=\"0 0 9 14\"><path stroke=\"#121212\" stroke-linecap=\"round\" stroke-linejoin=\"round\" stroke-width=\"1.5\" d=\"m1.6 1 6 6.316L1.6 13\"><\/path><\/svg><\/div><div class=\"mt-text-link-boxes__swiper-button mt-text-link-boxes__swiper-button--next swiper-button-next\"><svg xmlns=\"http:\/\/www.w3.org\/2000\/svg\" fill=\"none\" viewBox=\"0 0 9 14\"><path stroke=\"#121212\" stroke-linecap=\"round\" stroke-linejoin=\"round\" stroke-width=\"1.5\" d=\"m1.6 1 6 6.316L1.6 13\"><\/path><\/svg><\/div><\/div><\/div><\/div><\/div><\/div><\/section>\n\n\n\n<section class=\"mtSpacing-top-large wp-block-dovida-header-with-more mt-header-with-more top-bottom\"><div class=\"mt-header-with-more__inner page-container\"><h2 class=\"mt-title mt-header-with-more__title mt-title\">Nous recherchons des personnes comme vous!<\/h2>\n<div class=\"wp-block-buttons is-layout-flex wp-block-buttons-is-layout-flex\">\n<div class=\"wp-block-button is-style-primary\"><a class=\"wp-block-button__link wp-element-button\" href=\"https:\/\/eu-1.fountain.com\/c\/dovida-switzerland\/dovida-schweiz\/CH\" target=\"_blank\" rel=\"noreferrer noopener\">Postulez maintenant<\/a><\/div>\n<\/div>\n<\/div><\/section>\n\n\n\n<p><\/p>\n","protected":false},"excerpt":{"rendered":"","protected":false},"author":5,"featured_media":0,"parent":17,"menu_order":0,"comment_status":"closed","ping_status":"closed","template":"","meta":{"_acf_changed":false,"footnotes":""},"class_list":["post-76","page","type-page","status-publish","hentry"],"acf":[],"yoast_head":"<!-- This site is optimized with the Yoast SEO plugin v26.3 - https:\/\/yoast.com\/wordpress\/plugins\/seo\/ -->\n<title>Int\u00e9grez notre \u00e9quipe d\u2019accompagnant\/e\/s pour personnes \u00e2g\u00e9es<\/title>\n<meta name=\"description\" content=\"En qu\u00eate d\u2019un emploi pr\u00e8s de chez vous? Devenez accompagnant\/e pour personnes \u00e2g\u00e9es chez Dovida: horaires flexibles, salaire comp\u00e9titif et formation continue.\" \/>\n<meta name=\"robots\" content=\"noindex, follow, max-snippet:-1, max-image-preview:large, max-video-preview:-1\" \/>\n<meta property=\"og:locale\" content=\"fr_FR\" \/>\n<meta property=\"og:type\" content=\"article\" \/>\n<meta property=\"og:title\" content=\"Int\u00e9grez notre \u00e9quipe d\u2019accompagnant\/e\/s pour personnes \u00e2g\u00e9es\" \/>\n<meta property=\"og:description\" content=\"En qu\u00eate d\u2019un emploi pr\u00e8s de chez vous? Devenez accompagnant\/e pour personnes \u00e2g\u00e9es chez Dovida: horaires flexibles, salaire comp\u00e9titif et formation continue.\" \/>\n<meta property=\"og:url\" content=\"https:\/\/dovida.ch.bluebird.pw\/fr\/carriere\/accompagnant\/\" \/>\n<meta property=\"og:site_name\" content=\"Dovida CH\" \/>\n<meta property=\"article:modified_time\" content=\"2025-05-01T12:04:09+00:00\" \/>\n<meta property=\"og:image\" content=\"https:\/\/dovida.ch.bluebird.pw\/wp-content\/uploads\/sites\/7\/2025\/02\/dovida-caregiver-portrait-in-home-care-scaled.jpg\" \/>\n<meta name=\"twitter:card\" content=\"summary_large_image\" \/>\n<meta name=\"twitter:label1\" content=\"Dur\u00e9e de lecture estim\u00e9e\" \/>\n\t<meta name=\"twitter:data1\" content=\"2 minutes\" \/>\n<script type=\"application\/ld+json\" class=\"yoast-schema-graph\">{\"@context\":\"https:\/\/schema.org\",\"@graph\":[{\"@type\":\"WebPage\",\"@id\":\"https:\/\/dovida.ch.bluebird.pw\/fr\/carriere\/accompagnant\/\",\"url\":\"https:\/\/dovida.ch.bluebird.pw\/fr\/carriere\/accompagnant\/\",\"name\":\"Int\u00e9grez notre \u00e9quipe d\u2019accompagnant\/e\/s pour personnes \u00e2g\u00e9es\",\"isPartOf\":{\"@id\":\"https:\/\/dovida.ch.bluebird.pw\/fr\/#website\"},\"primaryImageOfPage\":{\"@id\":\"https:\/\/dovida.ch.bluebird.pw\/fr\/carriere\/accompagnant\/#primaryimage\"},\"image\":{\"@id\":\"https:\/\/dovida.ch.bluebird.pw\/fr\/carriere\/accompagnant\/#primaryimage\"},\"thumbnailUrl\":\"https:\/\/dovida.ch.bluebird.pw\/wp-content\/uploads\/sites\/7\/2025\/02\/dovida-caregiver-portrait-in-home-care-scaled.jpg\",\"datePublished\":\"2025-02-03T13:21:37+00:00\",\"dateModified\":\"2025-05-01T12:04:09+00:00\",\"description\":\"En qu\u00eate d\u2019un emploi pr\u00e8s de chez vous? Devenez accompagnant\/e pour personnes \u00e2g\u00e9es chez Dovida: horaires flexibles, salaire comp\u00e9titif et formation continue.\",\"breadcrumb\":{\"@id\":\"https:\/\/dovida.ch.bluebird.pw\/fr\/carriere\/accompagnant\/#breadcrumb\"},\"inLanguage\":\"fr-FR\",\"potentialAction\":[{\"@type\":\"ReadAction\",\"target\":[\"https:\/\/dovida.ch.bluebird.pw\/fr\/carriere\/accompagnant\/\"]}]},{\"@type\":\"ImageObject\",\"inLanguage\":\"fr-FR\",\"@id\":\"https:\/\/dovida.ch.bluebird.pw\/fr\/carriere\/accompagnant\/#primaryimage\",\"url\":\"https:\/\/dovida.ch.bluebird.pw\/wp-content\/uploads\/sites\/7\/2025\/02\/dovida-caregiver-portrait-in-home-care-scaled.jpg\",\"contentUrl\":\"https:\/\/dovida.ch.bluebird.pw\/wp-content\/uploads\/sites\/7\/2025\/02\/dovida-caregiver-portrait-in-home-care-scaled.jpg\"},{\"@type\":\"BreadcrumbList\",\"@id\":\"https:\/\/dovida.ch.bluebird.pw\/fr\/carriere\/accompagnant\/#breadcrumb\",\"itemListElement\":[{\"@type\":\"ListItem\",\"position\":1,\"name\":\"Home\",\"item\":\"https:\/\/dovida.ch.bluebird.pw\/fr\/\"},{\"@type\":\"ListItem\",\"position\":2,\"name\":\"Accompagnant\"}]},{\"@type\":\"WebSite\",\"@id\":\"https:\/\/dovida.ch.bluebird.pw\/fr\/#website\",\"url\":\"https:\/\/dovida.ch.bluebird.pw\/fr\/\",\"name\":\"Dovida\",\"description\":\"\",\"publisher\":{\"@id\":\"https:\/\/dovida.ch.bluebird.pw\/fr\/#organization\"},\"potentialAction\":[{\"@type\":\"SearchAction\",\"target\":{\"@type\":\"EntryPoint\",\"urlTemplate\":\"https:\/\/dovida.ch.bluebird.pw\/fr\/?s={search_term_string}\"},\"query-input\":{\"@type\":\"PropertyValueSpecification\",\"valueRequired\":true,\"valueName\":\"search_term_string\"}}],\"inLanguage\":\"fr-FR\"},{\"@type\":\"Organization\",\"@id\":\"https:\/\/dovida.ch.bluebird.pw\/fr\/#organization\",\"name\":\"Dovida\",\"url\":\"https:\/\/dovida.ch.bluebird.pw\/fr\/\",\"logo\":{\"@type\":\"ImageObject\",\"inLanguage\":\"fr-FR\",\"@id\":\"https:\/\/dovida.ch.bluebird.pw\/fr\/#\/schema\/logo\/image\/\",\"url\":\"https:\/\/dovida.ch.bluebird.pw\/wp-content\/uploads\/sites\/7\/2025\/03\/organization-logo.jpg\",\"contentUrl\":\"https:\/\/dovida.ch.bluebird.pw\/wp-content\/uploads\/sites\/7\/2025\/03\/organization-logo.jpg\",\"width\":696,\"height\":696,\"caption\":\"Dovida\"},\"image\":{\"@id\":\"https:\/\/dovida.ch.bluebird.pw\/fr\/#\/schema\/logo\/image\/\"}}]}<\/script>\n<!-- \/ Yoast SEO plugin. -->","yoast_head_json":{"title":"Int\u00e9grez notre \u00e9quipe d\u2019accompagnant\/e\/s pour personnes \u00e2g\u00e9es","description":"En qu\u00eate d\u2019un emploi pr\u00e8s de chez vous? Devenez accompagnant\/e pour personnes \u00e2g\u00e9es chez Dovida: horaires flexibles, salaire comp\u00e9titif et formation continue.","robots":{"index":"noindex","follow":"follow","max-snippet":"max-snippet:-1","max-image-preview":"max-image-preview:large","max-video-preview":"max-video-preview:-1"},"og_locale":"fr_FR","og_type":"article","og_title":"Int\u00e9grez notre \u00e9quipe d\u2019accompagnant\/e\/s pour personnes \u00e2g\u00e9es","og_description":"En qu\u00eate d\u2019un emploi pr\u00e8s de chez vous? Devenez accompagnant\/e pour personnes \u00e2g\u00e9es chez Dovida: horaires flexibles, salaire comp\u00e9titif et formation continue.","og_url":"https:\/\/dovida.ch.bluebird.pw\/fr\/carriere\/accompagnant\/","og_site_name":"Dovida CH","article_modified_time":"2025-05-01T12:04:09+00:00","og_image":[{"url":"https:\/\/dovida.ch.bluebird.pw\/wp-content\/uploads\/sites\/7\/2025\/02\/dovida-caregiver-portrait-in-home-care-scaled.jpg","type":"","width":"","height":""}],"twitter_card":"summary_large_image","twitter_misc":{"Dur\u00e9e de lecture estim\u00e9e":"2 minutes"},"schema":{"@context":"https:\/\/schema.org","@graph":[{"@type":"WebPage","@id":"https:\/\/dovida.ch.bluebird.pw\/fr\/carriere\/accompagnant\/","url":"https:\/\/dovida.ch.bluebird.pw\/fr\/carriere\/accompagnant\/","name":"Int\u00e9grez notre \u00e9quipe d\u2019accompagnant\/e\/s pour personnes \u00e2g\u00e9es","isPartOf":{"@id":"https:\/\/dovida.ch.bluebird.pw\/fr\/#website"},"primaryImageOfPage":{"@id":"https:\/\/dovida.ch.bluebird.pw\/fr\/carriere\/accompagnant\/#primaryimage"},"image":{"@id":"https:\/\/dovida.ch.bluebird.pw\/fr\/carriere\/accompagnant\/#primaryimage"},"thumbnailUrl":"https:\/\/dovida.ch.bluebird.pw\/wp-content\/uploads\/sites\/7\/2025\/02\/dovida-caregiver-portrait-in-home-care-scaled.jpg","datePublished":"2025-02-03T13:21:37+00:00","dateModified":"2025-05-01T12:04:09+00:00","description":"En qu\u00eate d\u2019un emploi pr\u00e8s de chez vous? Devenez accompagnant\/e pour personnes \u00e2g\u00e9es chez Dovida: horaires flexibles, salaire comp\u00e9titif et formation continue.","breadcrumb":{"@id":"https:\/\/dovida.ch.bluebird.pw\/fr\/carriere\/accompagnant\/#breadcrumb"},"inLanguage":"fr-FR","potentialAction":[{"@type":"ReadAction","target":["https:\/\/dovida.ch.bluebird.pw\/fr\/carriere\/accompagnant\/"]}]},{"@type":"ImageObject","inLanguage":"fr-FR","@id":"https:\/\/dovida.ch.bluebird.pw\/fr\/carriere\/accompagnant\/#primaryimage","url":"https:\/\/dovida.ch.bluebird.pw\/wp-content\/uploads\/sites\/7\/2025\/02\/dovida-caregiver-portrait-in-home-care-scaled.jpg","contentUrl":"https:\/\/dovida.ch.bluebird.pw\/wp-content\/uploads\/sites\/7\/2025\/02\/dovida-caregiver-portrait-in-home-care-scaled.jpg"},{"@type":"BreadcrumbList","@id":"https:\/\/dovida.ch.bluebird.pw\/fr\/carriere\/accompagnant\/#breadcrumb","itemListElement":[{"@type":"ListItem","position":1,"name":"Home","item":"https:\/\/dovida.ch.bluebird.pw\/fr\/"},{"@type":"ListItem","position":2,"name":"Accompagnant"}]},{"@type":"WebSite","@id":"https:\/\/dovida.ch.bluebird.pw\/fr\/#website","url":"https:\/\/dovida.ch.bluebird.pw\/fr\/","name":"Dovida","description":"","publisher":{"@id":"https:\/\/dovida.ch.bluebird.pw\/fr\/#organization"},"potentialAction":[{"@type":"SearchAction","target":{"@type":"EntryPoint","urlTemplate":"https:\/\/dovida.ch.bluebird.pw\/fr\/?s={search_term_string}"},"query-input":{"@type":"PropertyValueSpecification","valueRequired":true,"valueName":"search_term_string"}}],"inLanguage":"fr-FR"},{"@type":"Organization","@id":"https:\/\/dovida.ch.bluebird.pw\/fr\/#organization","name":"Dovida","url":"https:\/\/dovida.ch.bluebird.pw\/fr\/","logo":{"@type":"ImageObject","inLanguage":"fr-FR","@id":"https:\/\/dovida.ch.bluebird.pw\/fr\/#\/schema\/logo\/image\/","url":"https:\/\/dovida.ch.bluebird.pw\/wp-content\/uploads\/sites\/7\/2025\/03\/organization-logo.jpg","contentUrl":"https:\/\/dovida.ch.bluebird.pw\/wp-content\/uploads\/sites\/7\/2025\/03\/organization-logo.jpg","width":696,"height":696,"caption":"Dovida"},"image":{"@id":"https:\/\/dovida.ch.bluebird.pw\/fr\/#\/schema\/logo\/image\/"}}]}},"_links":{"self":[{"href":"https:\/\/dovida.ch.bluebird.pw\/fr\/wp-json\/wp\/v2\/pages\/76","targetHints":{"allow":["GET"]}}],"collection":[{"href":"https:\/\/dovida.ch.bluebird.pw\/fr\/wp-json\/wp\/v2\/pages"}],"about":[{"href":"https:\/\/dovida.ch.bluebird.pw\/fr\/wp-json\/wp\/v2\/types\/page"}],"author":[{"embeddable":true,"href":"https:\/\/dovida.ch.bluebird.pw\/fr\/wp-json\/wp\/v2\/users\/5"}],"replies":[{"embeddable":true,"href":"https:\/\/dovida.ch.bluebird.pw\/fr\/wp-json\/wp\/v2\/comments?post=76"}],"version-history":[{"count":10,"href":"https:\/\/dovida.ch.bluebird.pw\/fr\/wp-json\/wp\/v2\/pages\/76\/revisions"}],"predecessor-version":[{"id":2688,"href":"https:\/\/dovida.ch.bluebird.pw\/fr\/wp-json\/wp\/v2\/pages\/76\/revisions\/2688"}],"up":[{"embeddable":true,"href":"https:\/\/dovida.ch.bluebird.pw\/fr\/wp-json\/wp\/v2\/pages\/17"}],"wp:attachment":[{"href":"https:\/\/dovida.ch.bluebird.pw\/fr\/wp-json\/wp\/v2\/media?parent=76"}],"curies":[{"name":"wp","href":"https:\/\/api.w.org\/{rel}","templated":true}]}}