{"id":66,"date":"2025-02-03T13:09:54","date_gmt":"2025-02-03T13:09:54","guid":{"rendered":"https:\/\/dovida.ch.bluebird.pw\/?page_id=66"},"modified":"2025-03-03T14:16:34","modified_gmt":"2025-03-03T14:16:34","slug":"emplois-de-bureau","status":"publish","type":"page","link":"https:\/\/dovida.ch.bluebird.pw\/fr\/carriere\/emplois-de-bureau\/","title":{"rendered":"Emplois de bureau"},"content":{"rendered":"\n<section class=\"wp-block-dovida-split-screen-cover mt-split-screen-cover mt-split-screen-cover--align-media-left\"><div class=\"mt-split-screen-cover__inner page-container\"><div class=\"mt-split-screen-cover__image-container object-fit\"><img decoding=\"async\" class=\"mt-split-screen-cover__image-container object-fit\" src=\"https:\/\/dovida.ch.bluebird.pw\/wp-content\/uploads\/sites\/7\/2025\/02\/dovida-caregiver-portrait-home-help-scaled.jpg\" alt=\"Une femme confiante portant une chemise rouge Dovida sourit dans son bureau des services d\u2019aide \u00e0 domicile priv\u00e9, rayonnant de professionnalisme.\" style=\"object-position:center\"\/><\/div><div class=\"mt-split-screen-cover__text-container\"><h1 class=\"mt-title mt-split-screen-cover__title mt-title\">Emplois de bureau disponibles<\/h1>\n<p>Int\u00e9grez une \u00e9quipe fournissant des services d\u2019aide \u00e0 domicile de qualit\u00e9 &nbsp;<\/p>\n\n\n\n<div class=\"wp-block-buttons is-layout-flex wp-block-buttons-is-layout-flex\">\n<div class=\"wp-block-button\"><a class=\"wp-block-button__link wp-element-button\" href=\"https:\/\/eu-1.fountain.com\/c\/dovida-switzerland\/dovida-schweiz\/CH\" target=\"_blank\" rel=\"noreferrer noopener\">Postuler maintenant&nbsp;<\/a><\/div>\n<\/div>\n<\/div><\/div><\/section>\n\n\n\n<section class=\"mtSpacing-top-large mtSpacing-bottom-large wp-block-dovida-post-content mt-post-content\"><div class=\"mt-post-content__inner\"><div class=\"mt-post-content__content\">\n<p><strong><strong><strong>Planificateur\/trice \u00e0 100%<\/strong><\/strong><\/strong><br>R\u00e9gion:&nbsp;Villars-sur-Gl\u00e2ne\/FR<br>Publication:&nbsp;07.02.2025<\/p>\n\n\n\n<div class=\"wp-block-buttons is-layout-flex wp-block-buttons-is-layout-flex\">\n<div class=\"wp-block-button\"><a class=\"wp-block-button__link wp-element-button\" href=\"https:\/\/dovida.ch.bluebird.pw\/fr\/carriere\/emplois-de-bureau\/details-id-101651\/\">Afficher l\u2019offre d\u2019emploi<\/a><\/div>\n<\/div>\n<\/div><\/div><\/section>\n","protected":false},"excerpt":{"rendered":"","protected":false},"author":5,"featured_media":0,"parent":17,"menu_order":0,"comment_status":"closed","ping_status":"closed","template":"","meta":{"_acf_changed":false,"footnotes":""},"class_list":["post-66","page","type-page","status-publish","hentry"],"acf":[],"yoast_head":"<!-- This site is optimized with the Yoast SEO plugin v26.3 - https:\/\/yoast.com\/wordpress\/plugins\/seo\/ -->\n<title>Emplois de bureau dans l\u2019aide \u00e0 domicile chez Dovida<\/title>\n<meta name=\"description\" content=\"D\u00e9couvrez les postes \u00e0 pourvoir au si\u00e8ge de Dovida et trouvez une carri\u00e8re gratifiante dans nos services d\u2019aide \u00e0 domicile, de la finance au support informatique.\" \/>\n<meta name=\"robots\" content=\"noindex, follow, max-snippet:-1, max-image-preview:large, max-video-preview:-1\" \/>\n<meta property=\"og:locale\" content=\"fr_FR\" \/>\n<meta property=\"og:type\" content=\"article\" \/>\n<meta property=\"og:title\" content=\"Emplois de bureau dans l\u2019aide \u00e0 domicile chez Dovida\" \/>\n<meta property=\"og:description\" content=\"D\u00e9couvrez les postes \u00e0 pourvoir au si\u00e8ge de Dovida et trouvez une carri\u00e8re gratifiante dans nos services d\u2019aide \u00e0 domicile, de la finance au support informatique.\" \/>\n<meta property=\"og:url\" content=\"https:\/\/dovida.ch.bluebird.pw\/fr\/carriere\/emplois-de-bureau\/\" \/>\n<meta property=\"og:site_name\" content=\"Dovida CH\" \/>\n<meta property=\"article:modified_time\" content=\"2025-03-03T14:16:34+00:00\" \/>\n<meta property=\"og:image\" content=\"https:\/\/dovida.ch.bluebird.pw\/wp-content\/uploads\/sites\/7\/2025\/02\/dovida-caregiver-portrait-home-help-scaled.jpg\" \/>\n<meta name=\"twitter:card\" content=\"summary_large_image\" \/>\n<meta name=\"twitter:label1\" content=\"Dur\u00e9e de lecture estim\u00e9e\" \/>\n\t<meta name=\"twitter:data1\" content=\"1 minute\" \/>\n<script type=\"application\/ld+json\" class=\"yoast-schema-graph\">{\"@context\":\"https:\/\/schema.org\",\"@graph\":[{\"@type\":\"WebPage\",\"@id\":\"https:\/\/dovida.ch.bluebird.pw\/fr\/carriere\/emplois-de-bureau\/\",\"url\":\"https:\/\/dovida.ch.bluebird.pw\/fr\/carriere\/emplois-de-bureau\/\",\"name\":\"Emplois de bureau dans l\u2019aide \u00e0 domicile chez Dovida\",\"isPartOf\":{\"@id\":\"https:\/\/dovida.ch.bluebird.pw\/fr\/#website\"},\"primaryImageOfPage\":{\"@id\":\"https:\/\/dovida.ch.bluebird.pw\/fr\/carriere\/emplois-de-bureau\/#primaryimage\"},\"image\":{\"@id\":\"https:\/\/dovida.ch.bluebird.pw\/fr\/carriere\/emplois-de-bureau\/#primaryimage\"},\"thumbnailUrl\":\"https:\/\/dovida.ch.bluebird.pw\/wp-content\/uploads\/sites\/7\/2025\/02\/dovida-caregiver-portrait-home-help-scaled.jpg\",\"datePublished\":\"2025-02-03T13:09:54+00:00\",\"dateModified\":\"2025-03-03T14:16:34+00:00\",\"description\":\"D\u00e9couvrez les postes \u00e0 pourvoir au si\u00e8ge de Dovida et trouvez une carri\u00e8re gratifiante dans nos services d\u2019aide \u00e0 domicile, de la finance au support informatique.\",\"breadcrumb\":{\"@id\":\"https:\/\/dovida.ch.bluebird.pw\/fr\/carriere\/emplois-de-bureau\/#breadcrumb\"},\"inLanguage\":\"fr-FR\",\"potentialAction\":[{\"@type\":\"ReadAction\",\"target\":[\"https:\/\/dovida.ch.bluebird.pw\/fr\/carriere\/emplois-de-bureau\/\"]}]},{\"@type\":\"ImageObject\",\"inLanguage\":\"fr-FR\",\"@id\":\"https:\/\/dovida.ch.bluebird.pw\/fr\/carriere\/emplois-de-bureau\/#primaryimage\",\"url\":\"https:\/\/dovida.ch.bluebird.pw\/wp-content\/uploads\/sites\/7\/2025\/02\/dovida-caregiver-portrait-home-help-scaled.jpg\",\"contentUrl\":\"https:\/\/dovida.ch.bluebird.pw\/wp-content\/uploads\/sites\/7\/2025\/02\/dovida-caregiver-portrait-home-help-scaled.jpg\"},{\"@type\":\"BreadcrumbList\",\"@id\":\"https:\/\/dovida.ch.bluebird.pw\/fr\/carriere\/emplois-de-bureau\/#breadcrumb\",\"itemListElement\":[{\"@type\":\"ListItem\",\"position\":1,\"name\":\"Home\",\"item\":\"https:\/\/dovida.ch.bluebird.pw\/fr\/\"},{\"@type\":\"ListItem\",\"position\":2,\"name\":\"Emplois de bureau\"}]},{\"@type\":\"WebSite\",\"@id\":\"https:\/\/dovida.ch.bluebird.pw\/fr\/#website\",\"url\":\"https:\/\/dovida.ch.bluebird.pw\/fr\/\",\"name\":\"Dovida\",\"description\":\"\",\"publisher\":{\"@id\":\"https:\/\/dovida.ch.bluebird.pw\/fr\/#organization\"},\"potentialAction\":[{\"@type\":\"SearchAction\",\"target\":{\"@type\":\"EntryPoint\",\"urlTemplate\":\"https:\/\/dovida.ch.bluebird.pw\/fr\/?s={search_term_string}\"},\"query-input\":{\"@type\":\"PropertyValueSpecification\",\"valueRequired\":true,\"valueName\":\"search_term_string\"}}],\"inLanguage\":\"fr-FR\"},{\"@type\":\"Organization\",\"@id\":\"https:\/\/dovida.ch.bluebird.pw\/fr\/#organization\",\"name\":\"Dovida\",\"url\":\"https:\/\/dovida.ch.bluebird.pw\/fr\/\",\"logo\":{\"@type\":\"ImageObject\",\"inLanguage\":\"fr-FR\",\"@id\":\"https:\/\/dovida.ch.bluebird.pw\/fr\/#\/schema\/logo\/image\/\",\"url\":\"https:\/\/dovida.ch.bluebird.pw\/wp-content\/uploads\/sites\/7\/2025\/03\/organization-logo.jpg\",\"contentUrl\":\"https:\/\/dovida.ch.bluebird.pw\/wp-content\/uploads\/sites\/7\/2025\/03\/organization-logo.jpg\",\"width\":696,\"height\":696,\"caption\":\"Dovida\"},\"image\":{\"@id\":\"https:\/\/dovida.ch.bluebird.pw\/fr\/#\/schema\/logo\/image\/\"}}]}<\/script>\n<!-- \/ Yoast SEO plugin. -->","yoast_head_json":{"title":"Emplois de bureau dans l\u2019aide \u00e0 domicile chez Dovida","description":"D\u00e9couvrez les postes \u00e0 pourvoir au si\u00e8ge de Dovida et trouvez une carri\u00e8re gratifiante dans nos services d\u2019aide \u00e0 domicile, de la finance au support informatique.","robots":{"index":"noindex","follow":"follow","max-snippet":"max-snippet:-1","max-image-preview":"max-image-preview:large","max-video-preview":"max-video-preview:-1"},"og_locale":"fr_FR","og_type":"article","og_title":"Emplois de bureau dans l\u2019aide \u00e0 domicile chez Dovida","og_description":"D\u00e9couvrez les postes \u00e0 pourvoir au si\u00e8ge de Dovida et trouvez une carri\u00e8re gratifiante dans nos services d\u2019aide \u00e0 domicile, de la finance au support informatique.","og_url":"https:\/\/dovida.ch.bluebird.pw\/fr\/carriere\/emplois-de-bureau\/","og_site_name":"Dovida CH","article_modified_time":"2025-03-03T14:16:34+00:00","og_image":[{"url":"https:\/\/dovida.ch.bluebird.pw\/wp-content\/uploads\/sites\/7\/2025\/02\/dovida-caregiver-portrait-home-help-scaled.jpg","type":"","width":"","height":""}],"twitter_card":"summary_large_image","twitter_misc":{"Dur\u00e9e de lecture estim\u00e9e":"1 minute"},"schema":{"@context":"https:\/\/schema.org","@graph":[{"@type":"WebPage","@id":"https:\/\/dovida.ch.bluebird.pw\/fr\/carriere\/emplois-de-bureau\/","url":"https:\/\/dovida.ch.bluebird.pw\/fr\/carriere\/emplois-de-bureau\/","name":"Emplois de bureau dans l\u2019aide \u00e0 domicile chez Dovida","isPartOf":{"@id":"https:\/\/dovida.ch.bluebird.pw\/fr\/#website"},"primaryImageOfPage":{"@id":"https:\/\/dovida.ch.bluebird.pw\/fr\/carriere\/emplois-de-bureau\/#primaryimage"},"image":{"@id":"https:\/\/dovida.ch.bluebird.pw\/fr\/carriere\/emplois-de-bureau\/#primaryimage"},"thumbnailUrl":"https:\/\/dovida.ch.bluebird.pw\/wp-content\/uploads\/sites\/7\/2025\/02\/dovida-caregiver-portrait-home-help-scaled.jpg","datePublished":"2025-02-03T13:09:54+00:00","dateModified":"2025-03-03T14:16:34+00:00","description":"D\u00e9couvrez les postes \u00e0 pourvoir au si\u00e8ge de Dovida et trouvez une carri\u00e8re gratifiante dans nos services d\u2019aide \u00e0 domicile, de la finance au support informatique.","breadcrumb":{"@id":"https:\/\/dovida.ch.bluebird.pw\/fr\/carriere\/emplois-de-bureau\/#breadcrumb"},"inLanguage":"fr-FR","potentialAction":[{"@type":"ReadAction","target":["https:\/\/dovida.ch.bluebird.pw\/fr\/carriere\/emplois-de-bureau\/"]}]},{"@type":"ImageObject","inLanguage":"fr-FR","@id":"https:\/\/dovida.ch.bluebird.pw\/fr\/carriere\/emplois-de-bureau\/#primaryimage","url":"https:\/\/dovida.ch.bluebird.pw\/wp-content\/uploads\/sites\/7\/2025\/02\/dovida-caregiver-portrait-home-help-scaled.jpg","contentUrl":"https:\/\/dovida.ch.bluebird.pw\/wp-content\/uploads\/sites\/7\/2025\/02\/dovida-caregiver-portrait-home-help-scaled.jpg"},{"@type":"BreadcrumbList","@id":"https:\/\/dovida.ch.bluebird.pw\/fr\/carriere\/emplois-de-bureau\/#breadcrumb","itemListElement":[{"@type":"ListItem","position":1,"name":"Home","item":"https:\/\/dovida.ch.bluebird.pw\/fr\/"},{"@type":"ListItem","position":2,"name":"Emplois de bureau"}]},{"@type":"WebSite","@id":"https:\/\/dovida.ch.bluebird.pw\/fr\/#website","url":"https:\/\/dovida.ch.bluebird.pw\/fr\/","name":"Dovida","description":"","publisher":{"@id":"https:\/\/dovida.ch.bluebird.pw\/fr\/#organization"},"potentialAction":[{"@type":"SearchAction","target":{"@type":"EntryPoint","urlTemplate":"https:\/\/dovida.ch.bluebird.pw\/fr\/?s={search_term_string}"},"query-input":{"@type":"PropertyValueSpecification","valueRequired":true,"valueName":"search_term_string"}}],"inLanguage":"fr-FR"},{"@type":"Organization","@id":"https:\/\/dovida.ch.bluebird.pw\/fr\/#organization","name":"Dovida","url":"https:\/\/dovida.ch.bluebird.pw\/fr\/","logo":{"@type":"ImageObject","inLanguage":"fr-FR","@id":"https:\/\/dovida.ch.bluebird.pw\/fr\/#\/schema\/logo\/image\/","url":"https:\/\/dovida.ch.bluebird.pw\/wp-content\/uploads\/sites\/7\/2025\/03\/organization-logo.jpg","contentUrl":"https:\/\/dovida.ch.bluebird.pw\/wp-content\/uploads\/sites\/7\/2025\/03\/organization-logo.jpg","width":696,"height":696,"caption":"Dovida"},"image":{"@id":"https:\/\/dovida.ch.bluebird.pw\/fr\/#\/schema\/logo\/image\/"}}]}},"_links":{"self":[{"href":"https:\/\/dovida.ch.bluebird.pw\/fr\/wp-json\/wp\/v2\/pages\/66","targetHints":{"allow":["GET"]}}],"collection":[{"href":"https:\/\/dovida.ch.bluebird.pw\/fr\/wp-json\/wp\/v2\/pages"}],"about":[{"href":"https:\/\/dovida.ch.bluebird.pw\/fr\/wp-json\/wp\/v2\/types\/page"}],"author":[{"embeddable":true,"href":"https:\/\/dovida.ch.bluebird.pw\/fr\/wp-json\/wp\/v2\/users\/5"}],"replies":[{"embeddable":true,"href":"https:\/\/dovida.ch.bluebird.pw\/fr\/wp-json\/wp\/v2\/comments?post=66"}],"version-history":[{"count":10,"href":"https:\/\/dovida.ch.bluebird.pw\/fr\/wp-json\/wp\/v2\/pages\/66\/revisions"}],"predecessor-version":[{"id":2689,"href":"https:\/\/dovida.ch.bluebird.pw\/fr\/wp-json\/wp\/v2\/pages\/66\/revisions\/2689"}],"up":[{"embeddable":true,"href":"https:\/\/dovida.ch.bluebird.pw\/fr\/wp-json\/wp\/v2\/pages\/17"}],"wp:attachment":[{"href":"https:\/\/dovida.ch.bluebird.pw\/fr\/wp-json\/wp\/v2\/media?parent=66"}],"curies":[{"name":"wp","href":"https:\/\/api.w.org\/{rel}","templated":true}]}}