{"id":17,"date":"2025-02-03T13:07:31","date_gmt":"2025-02-03T13:07:31","guid":{"rendered":"https:\/\/dovida.ch.bluebird.pw\/?page_id=17"},"modified":"2025-03-04T12:31:33","modified_gmt":"2025-03-04T12:31:33","slug":"carriere","status":"publish","type":"page","link":"https:\/\/dovida.ch.bluebird.pw\/fr\/carriere\/","title":{"rendered":"Carriere"},"content":{"rendered":"\n<section class=\"wp-block-dovida-cover mt-cover\"><div class=\"mt-cover__inner page-container\"><div class=\"mt-cover__text-container\"><h1 class=\"mt-title mt-cover__title mt-title\">Dovida Carri\u00e8res<\/h1>\n<p>Rejoignez notre \u00e9quipe d\u2019accompagnants et changez la vie des personnes \u00e2g\u00e9es<\/p>\n\n\n\n<div class=\"wp-block-buttons is-layout-flex wp-block-buttons-is-layout-flex\">\n<div class=\"wp-block-button\"><a class=\"wp-block-button__link wp-element-button\" href=\"https:\/\/eu-1.fountain.com\/c\/dovida-switzerland\/dovida-schweiz\/CH\" target=\"_blank\" rel=\"noreferrer noopener\">Voir les offres d\u2019emploi<\/a><\/div>\n<\/div>\n<\/div><div class=\"mt-cover__image-container object-fit\"><img decoding=\"async\" class=\"\" src=\"https:\/\/dovida.ch.bluebird.pw\/wp-content\/uploads\/sites\/7\/2025\/02\/dovida-caregiver-portrait-elderly-care-scaled.jpg\" alt=\"Une accompagnante v\u00eatue d\u2019une chemise rouge Dovida, tient un verre et sourit chaleureusement, illustrant l\u2019aspect relationnel dans les emplois de Dovida\" style=\"object-position:center\"\/><\/div><\/div><\/section>\n\n\n\n<section class=\"mtSpacing-top-large mtSpacing-bottom-small wp-block-dovida-post-content mt-post-content\"><div class=\"mt-post-content__inner\"><div class=\"mt-post-content__content\">\n<h2 class=\"wp-block-heading has-text-align-center\">Postes \u00e0 pourvoir<\/h2>\n\n\n\n<p class=\"has-text-align-center\">Nous recherchons des personnes attentionn\u00e9es avec des qualit\u00e9s personnelles uniques pour rejoindre notre \u00e9quipe en croissance. Chez Dovida, nous vous offrons des carri\u00e8res gratifiantes, une formation compl\u00e8te et des opportunit\u00e9s d\u2019avancement et de perfectionnement.<\/p>\n<\/div><\/div><\/section>\n\n\n\n<section class=\"wp-block-morningmodules-image-link-boxes mt-image-link-boxes\" data-count=\"3\"><div class=\"mt-image-link-boxes__wrapper\"><div class=\"mt-image-link-boxes__inner\"><div class=\"mt-image-link-boxes__text-container\"><\/div><div class=\"mt-image-link-boxes__boxes-wrapper\"><div class=\"swiper\"><div class=\"swiper-wrapper\">\n<div class=\"wp-block-morningmodules-image-link-box mt-image-link-box swiper-slide\"><div class=\"mt-image-link-box__image-container\"><img decoding=\"async\" class=\"\" src=\"https:\/\/dovida.ch.bluebird.pw\/wp-content\/uploads\/sites\/7\/2025\/02\/dovida-caregiver-portrait-in-home-care-scaled.jpg\" alt=\"Un accompagnant v\u00eatu d\u2019une chemise rouge Dovida, tient un verre et sourit chaleureusement, illustrant une atmosph\u00e8re accueillante pour Dovida Carri\u00e8res.\" style=\"object-position:center\"\/><\/div><a href=\"https:\/\/dovida.ch.bluebird.pw\/fr\/carriere\/accompagnant\/\" rel=\"noopener\" target=\"_self\" class=\"mt-image-link-box__link\"><\/a><h3 class=\"mt-image-link-box__title\">Devenez accompagnant\/e<\/h3><p class=\"mt-image-link-box__text\">Dispenser une aide \u00e0 domicile en disposant de flexibilit\u00e9 et d\u2019une formation continue<\/p><div class=\"mt-image-link-box__button-wrapper\"><div class=\"mt-image-link-box__button\">En savoir plus<\/div><svg xmlns=\"http:\/\/www.w3.org\/2000\/svg\" width=\"18\" height=\"10\" viewBox=\"0 0 18 10\" fill=\"none\"><path d=\"M1 4.47876C0.654822 4.47876 0.375 4.75858 0.375 5.10376C0.375 5.44894 0.654822 5.72876 1 5.72876L1 4.47876ZM17.4419 5.5457C17.686 5.30163 17.686 4.9059 17.4419 4.66182L13.4645 0.684343C13.2204 0.440266 12.8247 0.440266 12.5806 0.684343C12.3365 0.928421 12.3365 1.32415 12.5806 1.56823L16.1161 5.10376L12.5806 8.63929C12.3365 8.88337 12.3365 9.2791 12.5806 9.52318C12.8247 9.76726 13.2204 9.76726 13.4645 9.52318L17.4419 5.5457ZM1 5.72876L17 5.72876L17 4.47876L1 4.47876L1 5.72876Z\"><\/path><\/svg><\/div><\/div>\n\n\n\n<div class=\"wp-block-morningmodules-image-link-box mt-image-link-box swiper-slide\"><div class=\"mt-image-link-box__image-container\"><img decoding=\"async\" class=\"\" src=\"https:\/\/dovida.ch.bluebird.pw\/wp-content\/uploads\/sites\/7\/2025\/02\/dovida-elderly-home-care-covering-with-blanket-scaled.jpg\" alt=\"Une accompagnante aide un homme \u00e2g\u00e9 \u00e0 s\u2019installer dans un fauteuil, refl\u00e9tant le d\u00e9vouement que l\u2019on retrouve dans la formation d\u2019accompagnant\/e et dans les emplois Dovida.\" style=\"object-position:center\"\/><\/div><a href=\"https:\/\/dovida.ch.bluebird.pw\/fr\/carriere\/accompagnant-e-24h-24\/\" rel=\"noopener\" target=\"_self\" class=\"mt-image-link-box__link\"><\/a><h3 class=\"mt-image-link-box__title\">\u00catre accompagnant\/e Live In<\/h3><p class=\"mt-image-link-box__text\">Dispenser une aide 24\/7 \u00e0 nos clients avec un logement en pension compl\u00e8te \u00e0 disposition et d\u2019autres avantages<\/p><div class=\"mt-image-link-box__button-wrapper\"><div class=\"mt-image-link-box__button\">En savoir plus<\/div><svg xmlns=\"http:\/\/www.w3.org\/2000\/svg\" width=\"18\" height=\"10\" viewBox=\"0 0 18 10\" fill=\"none\"><path d=\"M1 4.47876C0.654822 4.47876 0.375 4.75858 0.375 5.10376C0.375 5.44894 0.654822 5.72876 1 5.72876L1 4.47876ZM17.4419 5.5457C17.686 5.30163 17.686 4.9059 17.4419 4.66182L13.4645 0.684343C13.2204 0.440266 12.8247 0.440266 12.5806 0.684343C12.3365 0.928421 12.3365 1.32415 12.5806 1.56823L16.1161 5.10376L12.5806 8.63929C12.3365 8.88337 12.3365 9.2791 12.5806 9.52318C12.8247 9.76726 13.2204 9.76726 13.4645 9.52318L17.4419 5.5457ZM1 5.72876L17 5.72876L17 4.47876L1 4.47876L1 5.72876Z\"><\/path><\/svg><\/div><\/div>\n\n\n\n<div class=\"wp-block-morningmodules-image-link-box mt-image-link-box swiper-slide\"><div class=\"mt-image-link-box__image-container\"><img decoding=\"async\" class=\"\" src=\"https:\/\/dovida.ch.bluebird.pw\/wp-content\/uploads\/sites\/7\/2025\/02\/dovida-caregiver-portrait-home-help-scaled.jpg\" alt=\"Une femme portant une chemise Dovida, souriant avec assurance dans un bureau, illustre les postes de bureau disponibles sur Dovida Carri\u00e8res\" style=\"object-position:center\"\/><\/div><a href=\"https:\/\/dovida.ch.bluebird.pw\/fr\/carriere\/emplois-de-bureau\/\" rel=\"noopener\" target=\"_self\" class=\"mt-image-link-box__link\"><\/a><h3 class=\"mt-image-link-box__title\">Postes de bureau<\/h3><p class=\"mt-image-link-box__text\">Aider nos accompagnants dans leur mission pour permettre aux gens de vivre \u00e0 leur fa\u00e7on<\/p><div class=\"mt-image-link-box__button-wrapper\"><div class=\"mt-image-link-box__button\">En savoir plus<\/div><svg xmlns=\"http:\/\/www.w3.org\/2000\/svg\" width=\"18\" height=\"10\" viewBox=\"0 0 18 10\" fill=\"none\"><path d=\"M1 4.47876C0.654822 4.47876 0.375 4.75858 0.375 5.10376C0.375 5.44894 0.654822 5.72876 1 5.72876L1 4.47876ZM17.4419 5.5457C17.686 5.30163 17.686 4.9059 17.4419 4.66182L13.4645 0.684343C13.2204 0.440266 12.8247 0.440266 12.5806 0.684343C12.3365 0.928421 12.3365 1.32415 12.5806 1.56823L16.1161 5.10376L12.5806 8.63929C12.3365 8.88337 12.3365 9.2791 12.5806 9.52318C12.8247 9.76726 13.2204 9.76726 13.4645 9.52318L17.4419 5.5457ZM1 5.72876L17 5.72876L17 4.47876L1 4.47876L1 5.72876Z\"><\/path><\/svg><\/div><\/div>\n<\/div><\/div><div class=\"mt-image-link-boxes__navigation swiper-bottom-container\"><div class=\"mt-image-link-boxes__swiper-progress swiper-progress\"><\/div><div class=\"mt-image-link-boxes__swiper-buttons swiper-buttons\"><div class=\"mt-image-link-boxes__swiper-button mt-image-link-boxes__swiper-button--prev swiper-button-prev\"><\/div><div class=\"mt-image-link-boxes__swiper-button mt-image-link-boxes__swiper-button--next swiper-button-next\"><\/div><\/div><\/div><\/div><\/div><\/div><\/section>\n\n\n\n<section class=\"mtSpacing-top-large wp-block-morningmodules-text-link-boxes mt-text-link-boxes mt-text-link-boxes--mobile-slider\" data-count=\"3\"><div class=\"mt-text-link-boxes__wrapper\"><div class=\"mt-text-link-boxes__inner\"><div class=\"mt-text-link-boxes__text-container\"><h2 class=\"mt-title mt-text-link-boxes__title mt-title\">Pourquoi travailler pour Dovida<\/h2><p class=\"mt-text-link-boxes__text\">Rejoignez une \u00e9quipe qui valorise l\u2019avancement, la flexibilit\u00e9 et qui fait la diff\u00e9rence<\/p><\/div><div class=\"mt-text-link-boxes__boxes-wrapper\"><div class=\"swiper\"><div class=\"swiper-wrapper\">\n<div class=\"wp-block-morningmodules-text-link-box mt-text-link-box swiper-slide\"><div class=\"mt-text-link-box__title-container\"><div class=\"mt-text-link-box__icon-container\"><img decoding=\"async\" src=\"https:\/\/dovida.ch.bluebird.pw\/wp-content\/uploads\/sites\/7\/2025\/02\/Home_heart.svg\" alt=\"\" style=\"object-position:center\"\/><\/div><h3 class=\"mt-title mt-text-link-box__title mt-title\">Environnement motivant<\/h3><\/div><p class=\"mt-text-link-box__text\">Nous valorisons votre contribution, c\u00e9l\u00e9brons l\u2019individualit\u00e9 et soutenons votre \u00e9volution<\/p><\/div>\n\n\n\n<div class=\"wp-block-morningmodules-text-link-box mt-text-link-box swiper-slide\"><div class=\"mt-text-link-box__title-container\"><div class=\"mt-text-link-box__icon-container\"><img decoding=\"async\" src=\"https:\/\/dovida.ch.bluebird.pw\/wp-content\/uploads\/sites\/7\/2025\/02\/Checkmark_icon.svg\" alt=\"\" style=\"object-position:center\"\/><\/div><h3 class=\"mt-title mt-text-link-box__title mt-title\">Un travail gratifiant<\/h3><\/div><p class=\"mt-text-link-box__text\">D\u00e9couvrez une t\u00e2che qui fait vraiment la diff\u00e9rence au quotidien<\/p><\/div>\n\n\n\n<div class=\"wp-block-morningmodules-text-link-box mt-text-link-box swiper-slide\"><div class=\"mt-text-link-box__title-container\"><div class=\"mt-text-link-box__icon-container\"><img decoding=\"async\" src=\"https:\/\/dovida.ch.bluebird.pw\/wp-content\/uploads\/sites\/7\/2025\/02\/Person_heart.svg\" alt=\"\" style=\"object-position:center\"\/><\/div><h3 class=\"mt-title mt-text-link-box__title mt-title\">Aucune exp\u00e9rience requise<\/h3><\/div><p class=\"mt-text-link-box__text\">Nous assurons la formation continue et le soutien n\u00e9cessaire pour votre r\u00e9ussite<\/p><\/div>\n<\/div><\/div><div class=\"mt-text-link-boxes__navigation swiper-bottom-container\"><div class=\"mt-text-link-boxes__swiper-progress swiper-progress\"><\/div><div class=\"mt-text-link-boxes__swiper-buttons swiper-buttons\"><div class=\"mt-text-link-boxes__swiper-button mt-text-link-boxes__swiper-button--prev swiper-button-prev\"><svg xmlns=\"http:\/\/www.w3.org\/2000\/svg\" fill=\"none\" viewBox=\"0 0 9 14\"><path stroke=\"#121212\" stroke-linecap=\"round\" stroke-linejoin=\"round\" stroke-width=\"1.5\" d=\"m1.6 1 6 6.316L1.6 13\"><\/path><\/svg><\/div><div class=\"mt-text-link-boxes__swiper-button mt-text-link-boxes__swiper-button--next swiper-button-next\"><svg xmlns=\"http:\/\/www.w3.org\/2000\/svg\" fill=\"none\" viewBox=\"0 0 9 14\"><path stroke=\"#121212\" stroke-linecap=\"round\" stroke-linejoin=\"round\" stroke-width=\"1.5\" d=\"m1.6 1 6 6.316L1.6 13\"><\/path><\/svg><\/div><\/div><\/div><\/div><\/div><\/div><\/section>\n\n\n\n<section class=\"mtSpacing-top-large wp-block-dovida-post-content mt-post-content\"><div class=\"mt-post-content__inner\"><div class=\"mt-post-content__content\">\n<h2 class=\"wp-block-heading\">La vie chez Dovida<\/h2>\n\n\n\n<p>Notre approche centr\u00e9e sur la personne s\u2019applique aussi \u00e0 nos employ\u00e9s. Vous donner les moyens d\u2019atteindre vos objectifs de carri\u00e8re est tout aussi important que de donner les moyens \u00e0 notre client\u00e8le de vivre sa vie pleinement et de mani\u00e8re plus ind\u00e9pendante.<br><br>Chez Dovida, nous investissons dans le succ\u00e8s de notre \u00e9quipe par le biais d\u2019une formation compl\u00e8te et d\u2019opportunit\u00e9s de perfectionnement. De l\u2019orientation initiale \u00e0 la formation professionnelle continue, nous fournissons le soutien n\u00e9cessaire pour que vous construisiez une carri\u00e8re \u00e9panouie dans l\u2019accompagnement.<\/p>\n<\/div><\/div><\/section>\n\n\n\n<section class=\"mtSpacing-top-large wp-block-morningmodules-accordion-section mt-accordion-section\"><div class=\"mt-accordion-section__wrapper\"><div class=\"mt-accordion-section__inner\">\n<aside class=\"wp-block-morningmodules-accordion-text mt-accordion-section-text\">\n<h2 class=\"wp-block-heading\">Foire aux questions<\/h2>\n\n\n\n<p>Questions fr\u00e9quentes sur le travail chez Dovida<\/p>\n\n\n\n<div class=\"wp-block-buttons is-layout-flex wp-block-buttons-is-layout-flex\">\n<div class=\"wp-block-button\"><a class=\"wp-block-button__link wp-element-button\" href=\"https:\/\/dovida.ch.bluebird.pw\/fr\/contacter-agence-locale\/\">Contactez-nous<\/a><\/div>\n<\/div>\n<\/aside>\n\n\n\n<div class=\"wp-block-morningmodules-accordion mt-accordion\"><div class=\"mt-accordion__inner\">\n<div class=\"wp-block-morningmodules-accordion-item mt-accordion-item\"><div class=\"mt-accordion-item__title-wrapper\"><h3 class=\"mt-accordion-item__title\">Quels sont les avantages d\u2019un emploi chez Dovida?<\/h3><\/div><div class=\"mt-accordion-item__content-wrapper\"><div class=\"mt-accordion-item__content\">\n<p>Nous offrons un salaire comp\u00e9titif, des opportunit\u00e9s d\u2019\u00e9volution professionnelle, des horaires flexibles, un environnement motivant et, bien s\u00fbr, la gratification de pouvoir vraiment changer la vie des gens.<\/p>\n<\/div><\/div><\/div>\n\n\n\n<div class=\"wp-block-morningmodules-accordion-item mt-accordion-item\"><div class=\"mt-accordion-item__title-wrapper\"><h3 class=\"mt-accordion-item__title\">Ai-je besoin d\u2019une exp\u00e9rience ant\u00e9rieure dans le domaine de l\u2019aide \u00e0 domicile?<\/h3><\/div><div class=\"mt-accordion-item__content-wrapper\"><div class=\"mt-accordion-item__content\">\n<p>Si les qualifications et l\u2019exp\u00e9rience dans ce domaine sont pr\u00e9cieuses, notre priorit\u00e9 est de trouver des accompagnants qui font preuve de compassion et de gentillesse et poss\u00e8dent des qualit\u00e9s personnelles uniques qui les aideront \u00e0 cr\u00e9er des liens avec notre client\u00e8le. Nous assurons une formation compl\u00e8te et le soutien n\u00e9cessaire pour vous aider \u00e0 d\u00e9velopper vos comp\u00e9tences lorsque vous travaillez chez Dovida.<\/p>\n<\/div><\/div><\/div>\n\n\n\n<div class=\"wp-block-morningmodules-accordion-item mt-accordion-item\"><div class=\"mt-accordion-item__title-wrapper\"><h3 class=\"mt-accordion-item__title\">Quelle formation est propos\u00e9e par Dovida?<\/h3><\/div><div class=\"mt-accordion-item__content-wrapper\"><div class=\"mt-accordion-item__content\">\n<p>Nous proposons une formation initiale compl\u00e8te, une formation continue de perfectionnement professionnel et un soutien r\u00e9gulier par nos infirmi\u00e8res exp\u00e9riment\u00e9es.<\/p>\n<\/div><\/div><\/div>\n\n\n\n<div class=\"wp-block-morningmodules-accordion-item mt-accordion-item\"><div class=\"mt-accordion-item__title-wrapper\"><h3 class=\"mt-accordion-item__title\">Quels types de service d\u2019aide \u00e0 domicile sont propos\u00e9s par Dovida?<\/h3><\/div><div class=\"mt-accordion-item__content-wrapper\"><div class=\"mt-accordion-item__content\">\n<p>Nous proposons une gamme compl\u00e8te de services d\u2019aide \u00e0 domicile, incluant une aide 24\/24 et une assistance Live In. Jetez un coup d\u2019\u0153il \u00e0 l\u2019aper\u00e7u de nos services pour en savoir plus.<\/p>\n<\/div><\/div><\/div>\n<\/div><\/div>\n<\/div><\/div><\/section>\n\n\n\n<section class=\"mtSpacing-top-large wp-block-dovida-header-with-more mt-header-with-more top-bottom\"><div class=\"mt-header-with-more__inner page-container\"><h2 class=\"mt-title mt-header-with-more__title mt-title\">Nous recherchons des personnes comme vous!<\/h2>\n<div class=\"wp-block-buttons is-layout-flex wp-block-buttons-is-layout-flex\">\n<div class=\"wp-block-button is-style-primary\"><a class=\"wp-block-button__link wp-element-button\" href=\"https:\/\/eu-1.fountain.com\/c\/dovida-switzerland\/dovida-schweiz\/CH\" target=\"_blank\" rel=\"noreferrer noopener\">Postulez maintenant<\/a><\/div>\n<\/div>\n<\/div><\/section>\n\n\n\n<p><\/p>\n","protected":false},"excerpt":{"rendered":"","protected":false},"author":5,"featured_media":0,"parent":0,"menu_order":0,"comment_status":"closed","ping_status":"closed","template":"","meta":{"_acf_changed":false,"footnotes":""},"class_list":["post-17","page","type-page","status-publish","hentry"],"acf":[],"yoast_head":"<!-- This site is optimized with the Yoast SEO plugin v26.3 - https:\/\/yoast.com\/wordpress\/plugins\/seo\/ -->\n<title>Devenez accompagnant\/e ou trouvez un emploi de bureau sur Dovida Carri\u00e8res<\/title>\n<meta name=\"description\" content=\"Rejoignez notre \u00e9quipe d\u00e9vou\u00e9e d\u2019accompagnant\/e\/s et d\u2019employ\u00e9s de bureau chez Dovida et profitez de nos offres d\u2019emploi, de formation et d\u2019\u00e9volution de carri\u00e8re\" \/>\n<meta name=\"robots\" content=\"noindex, follow, max-snippet:-1, max-image-preview:large, max-video-preview:-1\" \/>\n<meta property=\"og:locale\" content=\"fr_FR\" \/>\n<meta property=\"og:type\" content=\"article\" \/>\n<meta property=\"og:title\" content=\"Devenez accompagnant\/e ou trouvez un emploi de bureau sur Dovida Carri\u00e8res\" \/>\n<meta property=\"og:description\" content=\"Rejoignez notre \u00e9quipe d\u00e9vou\u00e9e d\u2019accompagnant\/e\/s et d\u2019employ\u00e9s de bureau chez Dovida et profitez de nos offres d\u2019emploi, de formation et d\u2019\u00e9volution de carri\u00e8re\" \/>\n<meta property=\"og:url\" content=\"https:\/\/dovida.ch.bluebird.pw\/fr\/carriere\/\" \/>\n<meta property=\"og:site_name\" content=\"Dovida CH\" \/>\n<meta property=\"article:modified_time\" content=\"2025-03-04T12:31:33+00:00\" \/>\n<meta property=\"og:image\" content=\"https:\/\/dovida.ch.bluebird.pw\/wp-content\/uploads\/sites\/7\/2025\/02\/dovida-caregiver-portrait-elderly-care-scaled.jpg\" \/>\n<meta name=\"twitter:card\" content=\"summary_large_image\" \/>\n<meta name=\"twitter:label1\" content=\"Dur\u00e9e de lecture estim\u00e9e\" \/>\n\t<meta name=\"twitter:data1\" content=\"4 minutes\" \/>\n<script type=\"application\/ld+json\" class=\"yoast-schema-graph\">{\"@context\":\"https:\/\/schema.org\",\"@graph\":[{\"@type\":\"WebPage\",\"@id\":\"https:\/\/dovida.ch.bluebird.pw\/fr\/carriere\/\",\"url\":\"https:\/\/dovida.ch.bluebird.pw\/fr\/carriere\/\",\"name\":\"Devenez accompagnant\/e ou trouvez un emploi de bureau sur Dovida Carri\u00e8res\",\"isPartOf\":{\"@id\":\"https:\/\/dovida.ch.bluebird.pw\/fr\/#website\"},\"primaryImageOfPage\":{\"@id\":\"https:\/\/dovida.ch.bluebird.pw\/fr\/carriere\/#primaryimage\"},\"image\":{\"@id\":\"https:\/\/dovida.ch.bluebird.pw\/fr\/carriere\/#primaryimage\"},\"thumbnailUrl\":\"https:\/\/dovida.ch.bluebird.pw\/wp-content\/uploads\/sites\/7\/2025\/02\/dovida-caregiver-portrait-elderly-care-scaled.jpg\",\"datePublished\":\"2025-02-03T13:07:31+00:00\",\"dateModified\":\"2025-03-04T12:31:33+00:00\",\"description\":\"Rejoignez notre \u00e9quipe d\u00e9vou\u00e9e d\u2019accompagnant\/e\/s et d\u2019employ\u00e9s de bureau chez Dovida et profitez de nos offres d\u2019emploi, de formation et d\u2019\u00e9volution de carri\u00e8re\",\"breadcrumb\":{\"@id\":\"https:\/\/dovida.ch.bluebird.pw\/fr\/carriere\/#breadcrumb\"},\"inLanguage\":\"fr-FR\",\"potentialAction\":[{\"@type\":\"ReadAction\",\"target\":[\"https:\/\/dovida.ch.bluebird.pw\/fr\/carriere\/\"]}]},{\"@type\":\"ImageObject\",\"inLanguage\":\"fr-FR\",\"@id\":\"https:\/\/dovida.ch.bluebird.pw\/fr\/carriere\/#primaryimage\",\"url\":\"https:\/\/dovida.ch.bluebird.pw\/wp-content\/uploads\/sites\/7\/2025\/02\/dovida-caregiver-portrait-elderly-care-scaled.jpg\",\"contentUrl\":\"https:\/\/dovida.ch.bluebird.pw\/wp-content\/uploads\/sites\/7\/2025\/02\/dovida-caregiver-portrait-elderly-care-scaled.jpg\"},{\"@type\":\"BreadcrumbList\",\"@id\":\"https:\/\/dovida.ch.bluebird.pw\/fr\/carriere\/#breadcrumb\",\"itemListElement\":[{\"@type\":\"ListItem\",\"position\":1,\"name\":\"Home\",\"item\":\"https:\/\/dovida.ch.bluebird.pw\/fr\/\"},{\"@type\":\"ListItem\",\"position\":2,\"name\":\"Carriere\"}]},{\"@type\":\"WebSite\",\"@id\":\"https:\/\/dovida.ch.bluebird.pw\/fr\/#website\",\"url\":\"https:\/\/dovida.ch.bluebird.pw\/fr\/\",\"name\":\"Dovida\",\"description\":\"\",\"publisher\":{\"@id\":\"https:\/\/dovida.ch.bluebird.pw\/fr\/#organization\"},\"potentialAction\":[{\"@type\":\"SearchAction\",\"target\":{\"@type\":\"EntryPoint\",\"urlTemplate\":\"https:\/\/dovida.ch.bluebird.pw\/fr\/?s={search_term_string}\"},\"query-input\":{\"@type\":\"PropertyValueSpecification\",\"valueRequired\":true,\"valueName\":\"search_term_string\"}}],\"inLanguage\":\"fr-FR\"},{\"@type\":\"Organization\",\"@id\":\"https:\/\/dovida.ch.bluebird.pw\/fr\/#organization\",\"name\":\"Dovida\",\"url\":\"https:\/\/dovida.ch.bluebird.pw\/fr\/\",\"logo\":{\"@type\":\"ImageObject\",\"inLanguage\":\"fr-FR\",\"@id\":\"https:\/\/dovida.ch.bluebird.pw\/fr\/#\/schema\/logo\/image\/\",\"url\":\"https:\/\/dovida.ch.bluebird.pw\/wp-content\/uploads\/sites\/7\/2025\/03\/organization-logo.jpg\",\"contentUrl\":\"https:\/\/dovida.ch.bluebird.pw\/wp-content\/uploads\/sites\/7\/2025\/03\/organization-logo.jpg\",\"width\":696,\"height\":696,\"caption\":\"Dovida\"},\"image\":{\"@id\":\"https:\/\/dovida.ch.bluebird.pw\/fr\/#\/schema\/logo\/image\/\"}}]}<\/script>\n<!-- \/ Yoast SEO plugin. -->","yoast_head_json":{"title":"Devenez accompagnant\/e ou trouvez un emploi de bureau sur Dovida Carri\u00e8res","description":"Rejoignez notre \u00e9quipe d\u00e9vou\u00e9e d\u2019accompagnant\/e\/s et d\u2019employ\u00e9s de bureau chez Dovida et profitez de nos offres d\u2019emploi, de formation et d\u2019\u00e9volution de carri\u00e8re","robots":{"index":"noindex","follow":"follow","max-snippet":"max-snippet:-1","max-image-preview":"max-image-preview:large","max-video-preview":"max-video-preview:-1"},"og_locale":"fr_FR","og_type":"article","og_title":"Devenez accompagnant\/e ou trouvez un emploi de bureau sur Dovida Carri\u00e8res","og_description":"Rejoignez notre \u00e9quipe d\u00e9vou\u00e9e d\u2019accompagnant\/e\/s et d\u2019employ\u00e9s de bureau chez Dovida et profitez de nos offres d\u2019emploi, de formation et d\u2019\u00e9volution de carri\u00e8re","og_url":"https:\/\/dovida.ch.bluebird.pw\/fr\/carriere\/","og_site_name":"Dovida CH","article_modified_time":"2025-03-04T12:31:33+00:00","og_image":[{"url":"https:\/\/dovida.ch.bluebird.pw\/wp-content\/uploads\/sites\/7\/2025\/02\/dovida-caregiver-portrait-elderly-care-scaled.jpg","type":"","width":"","height":""}],"twitter_card":"summary_large_image","twitter_misc":{"Dur\u00e9e de lecture estim\u00e9e":"4 minutes"},"schema":{"@context":"https:\/\/schema.org","@graph":[{"@type":"WebPage","@id":"https:\/\/dovida.ch.bluebird.pw\/fr\/carriere\/","url":"https:\/\/dovida.ch.bluebird.pw\/fr\/carriere\/","name":"Devenez accompagnant\/e ou trouvez un emploi de bureau sur Dovida Carri\u00e8res","isPartOf":{"@id":"https:\/\/dovida.ch.bluebird.pw\/fr\/#website"},"primaryImageOfPage":{"@id":"https:\/\/dovida.ch.bluebird.pw\/fr\/carriere\/#primaryimage"},"image":{"@id":"https:\/\/dovida.ch.bluebird.pw\/fr\/carriere\/#primaryimage"},"thumbnailUrl":"https:\/\/dovida.ch.bluebird.pw\/wp-content\/uploads\/sites\/7\/2025\/02\/dovida-caregiver-portrait-elderly-care-scaled.jpg","datePublished":"2025-02-03T13:07:31+00:00","dateModified":"2025-03-04T12:31:33+00:00","description":"Rejoignez notre \u00e9quipe d\u00e9vou\u00e9e d\u2019accompagnant\/e\/s et d\u2019employ\u00e9s de bureau chez Dovida et profitez de nos offres d\u2019emploi, de formation et d\u2019\u00e9volution de carri\u00e8re","breadcrumb":{"@id":"https:\/\/dovida.ch.bluebird.pw\/fr\/carriere\/#breadcrumb"},"inLanguage":"fr-FR","potentialAction":[{"@type":"ReadAction","target":["https:\/\/dovida.ch.bluebird.pw\/fr\/carriere\/"]}]},{"@type":"ImageObject","inLanguage":"fr-FR","@id":"https:\/\/dovida.ch.bluebird.pw\/fr\/carriere\/#primaryimage","url":"https:\/\/dovida.ch.bluebird.pw\/wp-content\/uploads\/sites\/7\/2025\/02\/dovida-caregiver-portrait-elderly-care-scaled.jpg","contentUrl":"https:\/\/dovida.ch.bluebird.pw\/wp-content\/uploads\/sites\/7\/2025\/02\/dovida-caregiver-portrait-elderly-care-scaled.jpg"},{"@type":"BreadcrumbList","@id":"https:\/\/dovida.ch.bluebird.pw\/fr\/carriere\/#breadcrumb","itemListElement":[{"@type":"ListItem","position":1,"name":"Home","item":"https:\/\/dovida.ch.bluebird.pw\/fr\/"},{"@type":"ListItem","position":2,"name":"Carriere"}]},{"@type":"WebSite","@id":"https:\/\/dovida.ch.bluebird.pw\/fr\/#website","url":"https:\/\/dovida.ch.bluebird.pw\/fr\/","name":"Dovida","description":"","publisher":{"@id":"https:\/\/dovida.ch.bluebird.pw\/fr\/#organization"},"potentialAction":[{"@type":"SearchAction","target":{"@type":"EntryPoint","urlTemplate":"https:\/\/dovida.ch.bluebird.pw\/fr\/?s={search_term_string}"},"query-input":{"@type":"PropertyValueSpecification","valueRequired":true,"valueName":"search_term_string"}}],"inLanguage":"fr-FR"},{"@type":"Organization","@id":"https:\/\/dovida.ch.bluebird.pw\/fr\/#organization","name":"Dovida","url":"https:\/\/dovida.ch.bluebird.pw\/fr\/","logo":{"@type":"ImageObject","inLanguage":"fr-FR","@id":"https:\/\/dovida.ch.bluebird.pw\/fr\/#\/schema\/logo\/image\/","url":"https:\/\/dovida.ch.bluebird.pw\/wp-content\/uploads\/sites\/7\/2025\/03\/organization-logo.jpg","contentUrl":"https:\/\/dovida.ch.bluebird.pw\/wp-content\/uploads\/sites\/7\/2025\/03\/organization-logo.jpg","width":696,"height":696,"caption":"Dovida"},"image":{"@id":"https:\/\/dovida.ch.bluebird.pw\/fr\/#\/schema\/logo\/image\/"}}]}},"_links":{"self":[{"href":"https:\/\/dovida.ch.bluebird.pw\/fr\/wp-json\/wp\/v2\/pages\/17","targetHints":{"allow":["GET"]}}],"collection":[{"href":"https:\/\/dovida.ch.bluebird.pw\/fr\/wp-json\/wp\/v2\/pages"}],"about":[{"href":"https:\/\/dovida.ch.bluebird.pw\/fr\/wp-json\/wp\/v2\/types\/page"}],"author":[{"embeddable":true,"href":"https:\/\/dovida.ch.bluebird.pw\/fr\/wp-json\/wp\/v2\/users\/5"}],"replies":[{"embeddable":true,"href":"https:\/\/dovida.ch.bluebird.pw\/fr\/wp-json\/wp\/v2\/comments?post=17"}],"version-history":[{"count":10,"href":"https:\/\/dovida.ch.bluebird.pw\/fr\/wp-json\/wp\/v2\/pages\/17\/revisions"}],"predecessor-version":[{"id":2674,"href":"https:\/\/dovida.ch.bluebird.pw\/fr\/wp-json\/wp\/v2\/pages\/17\/revisions\/2674"}],"wp:attachment":[{"href":"https:\/\/dovida.ch.bluebird.pw\/fr\/wp-json\/wp\/v2\/media?parent=17"}],"curies":[{"name":"wp","href":"https:\/\/api.w.org\/{rel}","templated":true}]}}