{"id":150,"date":"2025-02-03T15:36:05","date_gmt":"2025-02-03T15:36:05","guid":{"rendered":"https:\/\/dovida.ch.bluebird.pw\/?page_id=150"},"modified":"2025-05-07T10:07:47","modified_gmt":"2025-05-07T10:07:47","slug":"direction-generale","status":"publish","type":"page","link":"https:\/\/dovida.ch.bluebird.pw\/fr\/a-propos-de-nous\/direction-generale\/","title":{"rendered":"Direction G\u00e9n\u00e9rale"},"content":{"rendered":"\n<section class=\"wp-block-dovida-split-screen-cover mt-split-screen-cover mt-split-screen-cover--align-media-left\"><div class=\"mt-split-screen-cover__inner page-container\"><div class=\"mt-split-screen-cover__image-container object-fit\"><img decoding=\"async\" class=\"mt-split-screen-cover__image-container object-fit\" src=\"https:\/\/dovida.ch.bluebird.pw\/wp-content\/uploads\/sites\/7\/2025\/02\/Dovida-home-care-agency-logo-placeholder.png\" alt=\"&quot;&quot;\" style=\"object-position:center\"\/><\/div><div class=\"mt-split-screen-cover__text-container\"><h1 class=\"mt-title mt-split-screen-cover__title mt-title\">Direction G\u00e9n\u00e9rale<\/h1>\n<p><\/p>\n<\/div><\/div><\/section>\n\n\n<section class=\"mt-employee-archive mtSpacing-top-large mtSpacing-bottom-small\">\n    <div class=\"page-container\">\n                    <h2 class=\"mt-employee-archive__title mt-title\">La direction g\u00e9n\u00e9rale de Dovida &#8211; Seniorendienste Schweiz AG<\/h2>\n                <div class=\"mt-employee-archive__grid\">\n            \n\n<div class=\"wp-block-dovida-employee-item-manual mt-employee-item mt-employee-item-manual\"><div class=\"mt-employee-item__image\"><img decoding=\"async\" class=\"\" src=\"https:\/\/dovida.ch.bluebird.pw\/wp-content\/uploads\/sites\/7\/2025\/05\/Beatrice_Mast-scaled.jpeg\" alt=\"\" style=\"object-position:center\"\/><\/div><div class=\"mt-employee-item__text-wrapper\"><div class=\"mt-employee-item__name mt-title\">B\u00e9atrice Mast<\/div><div class=\"mt-employee-item__title\">CEO<\/div><div class=\"mt-employee-item__phone\"><a href=\"tel:undefined\"><span><\/span><\/a><\/div><div class=\"mt-employee-item__email\"><a href=\"mailto:undefined\"><span><\/span><\/a><\/div><\/div><\/div>\n\n\n\n<div class=\"wp-block-dovida-employee-item-manual mt-employee-item mt-employee-item-manual\"><div class=\"mt-employee-item__image\"><img decoding=\"async\" class=\"\" src=\"https:\/\/dovida.ch.bluebird.pw\/wp-content\/uploads\/sites\/7\/2025\/05\/Guido-Barmettler-scaled.jpeg\" alt=\"\" style=\"object-position:center\"\/><\/div><div class=\"mt-employee-item__text-wrapper\"><div class=\"mt-employee-item__name mt-title\">Guido Barmettler<\/div><div class=\"mt-employee-item__title\">Director of Finance<\/div><div class=\"mt-employee-item__phone\"><a href=\"tel:undefined\"><span><\/span><\/a><\/div><div class=\"mt-employee-item__email\"><a href=\"mailto:undefined\"><span><\/span><\/a><\/div><\/div><\/div>\n\n\n\n<div class=\"wp-block-dovida-employee-item-manual mt-employee-item mt-employee-item-manual\"><div class=\"mt-employee-item__image\"><img decoding=\"async\" class=\"\" src=\"https:\/\/dovida.ch.bluebird.pw\/wp-content\/uploads\/sites\/7\/2025\/05\/Aegerter_David_45.jpg\" alt=\"\" style=\"object-position:center\"\/><\/div><div class=\"mt-employee-item__text-wrapper\"><div class=\"mt-employee-item__name mt-title\">David Aegerter<\/div><div class=\"mt-employee-item__title\"><strong>Director of Growth<\/strong><\/div><div class=\"mt-employee-item__phone\"><a href=\"tel:undefined\"><span><\/span><\/a><\/div><div class=\"mt-employee-item__email\"><a href=\"mailto:undefined\"><span><\/span><\/a><\/div><\/div><\/div>\n\n\n        <\/div>\n    <\/div>\n<\/section>\n\n\n\n<p><\/p>\n","protected":false},"excerpt":{"rendered":"","protected":false},"author":5,"featured_media":0,"parent":136,"menu_order":0,"comment_status":"closed","ping_status":"closed","template":"","meta":{"_acf_changed":false,"footnotes":""},"class_list":["post-150","page","type-page","status-publish","hentry"],"acf":[],"yoast_head":"<!-- This site is optimized with the Yoast SEO plugin v26.3 - https:\/\/yoast.com\/wordpress\/plugins\/seo\/ -->\n<title>\u00c0 propos du comit\u00e9 consultatif de l\u2019accompagnement \u00e0 domicile chez Dovida<\/title>\n<meta name=\"description\" content=\"Rencontrez les membres du comit\u00e9 Dovida, garants de notre engagement envers un accompagnement \u00e0 domicile, de haute qualit\u00e9, centr\u00e9 sur l\u2019individu, pour personne \u00e2g\u00e9e et handicap\u00e9e.\" \/>\n<meta name=\"robots\" content=\"noindex, nofollow, max-snippet:-1, max-image-preview:large, max-video-preview:-1\" \/>\n<meta property=\"og:locale\" content=\"fr_FR\" \/>\n<meta property=\"og:type\" content=\"article\" \/>\n<meta property=\"og:title\" content=\"\u00c0 propos du comit\u00e9 consultatif de l\u2019accompagnement \u00e0 domicile chez Dovida\" \/>\n<meta property=\"og:description\" content=\"Rencontrez les membres du comit\u00e9 Dovida, garants de notre engagement envers un accompagnement \u00e0 domicile, de haute qualit\u00e9, centr\u00e9 sur l\u2019individu, pour personne \u00e2g\u00e9e et handicap\u00e9e.\" \/>\n<meta property=\"og:url\" content=\"https:\/\/dovida.ch.bluebird.pw\/fr\/a-propos-de-nous\/direction-generale\/\" \/>\n<meta property=\"og:site_name\" content=\"Dovida CH\" \/>\n<meta property=\"article:modified_time\" content=\"2025-05-07T10:07:47+00:00\" \/>\n<meta property=\"og:image\" content=\"https:\/\/dovida.ch.bluebird.pw\/wp-content\/uploads\/sites\/7\/2025\/02\/Dovida-home-care-agency-logo-placeholder.png\" \/>\n<meta name=\"twitter:card\" content=\"summary_large_image\" \/>\n<meta name=\"twitter:label1\" content=\"Dur\u00e9e de lecture estim\u00e9e\" \/>\n\t<meta name=\"twitter:data1\" content=\"1 minute\" \/>\n<script type=\"application\/ld+json\" class=\"yoast-schema-graph\">{\"@context\":\"https:\/\/schema.org\",\"@graph\":[{\"@type\":\"WebPage\",\"@id\":\"https:\/\/dovida.ch.bluebird.pw\/fr\/a-propos-de-nous\/direction-generale\/\",\"url\":\"https:\/\/dovida.ch.bluebird.pw\/fr\/a-propos-de-nous\/direction-generale\/\",\"name\":\"\u00c0 propos du comit\u00e9 consultatif de l\u2019accompagnement \u00e0 domicile chez Dovida\",\"isPartOf\":{\"@id\":\"https:\/\/dovida.ch.bluebird.pw\/fr\/#website\"},\"primaryImageOfPage\":{\"@id\":\"https:\/\/dovida.ch.bluebird.pw\/fr\/a-propos-de-nous\/direction-generale\/#primaryimage\"},\"image\":{\"@id\":\"https:\/\/dovida.ch.bluebird.pw\/fr\/a-propos-de-nous\/direction-generale\/#primaryimage\"},\"thumbnailUrl\":\"https:\/\/dovida.ch.bluebird.pw\/wp-content\/uploads\/sites\/7\/2025\/02\/Dovida-home-care-agency-logo-placeholder.png\",\"datePublished\":\"2025-02-03T15:36:05+00:00\",\"dateModified\":\"2025-05-07T10:07:47+00:00\",\"description\":\"Rencontrez les membres du comit\u00e9 Dovida, garants de notre engagement envers un accompagnement \u00e0 domicile, de haute qualit\u00e9, centr\u00e9 sur l\u2019individu, pour personne \u00e2g\u00e9e et handicap\u00e9e.\",\"breadcrumb\":{\"@id\":\"https:\/\/dovida.ch.bluebird.pw\/fr\/a-propos-de-nous\/direction-generale\/#breadcrumb\"},\"inLanguage\":\"fr-FR\",\"potentialAction\":[{\"@type\":\"ReadAction\",\"target\":[\"https:\/\/dovida.ch.bluebird.pw\/fr\/a-propos-de-nous\/direction-generale\/\"]}]},{\"@type\":\"ImageObject\",\"inLanguage\":\"fr-FR\",\"@id\":\"https:\/\/dovida.ch.bluebird.pw\/fr\/a-propos-de-nous\/direction-generale\/#primaryimage\",\"url\":\"https:\/\/dovida.ch.bluebird.pw\/wp-content\/uploads\/sites\/7\/2025\/02\/Dovida-home-care-agency-logo-placeholder.png\",\"contentUrl\":\"https:\/\/dovida.ch.bluebird.pw\/wp-content\/uploads\/sites\/7\/2025\/02\/Dovida-home-care-agency-logo-placeholder.png\"},{\"@type\":\"BreadcrumbList\",\"@id\":\"https:\/\/dovida.ch.bluebird.pw\/fr\/a-propos-de-nous\/direction-generale\/#breadcrumb\",\"itemListElement\":[{\"@type\":\"ListItem\",\"position\":1,\"name\":\"Home\",\"item\":\"https:\/\/dovida.ch.bluebird.pw\/fr\/\"},{\"@type\":\"ListItem\",\"position\":2,\"name\":\"Direction G\u00e9n\u00e9rale\"}]},{\"@type\":\"WebSite\",\"@id\":\"https:\/\/dovida.ch.bluebird.pw\/fr\/#website\",\"url\":\"https:\/\/dovida.ch.bluebird.pw\/fr\/\",\"name\":\"Dovida\",\"description\":\"\",\"publisher\":{\"@id\":\"https:\/\/dovida.ch.bluebird.pw\/fr\/#organization\"},\"potentialAction\":[{\"@type\":\"SearchAction\",\"target\":{\"@type\":\"EntryPoint\",\"urlTemplate\":\"https:\/\/dovida.ch.bluebird.pw\/fr\/?s={search_term_string}\"},\"query-input\":{\"@type\":\"PropertyValueSpecification\",\"valueRequired\":true,\"valueName\":\"search_term_string\"}}],\"inLanguage\":\"fr-FR\"},{\"@type\":\"Organization\",\"@id\":\"https:\/\/dovida.ch.bluebird.pw\/fr\/#organization\",\"name\":\"Dovida\",\"url\":\"https:\/\/dovida.ch.bluebird.pw\/fr\/\",\"logo\":{\"@type\":\"ImageObject\",\"inLanguage\":\"fr-FR\",\"@id\":\"https:\/\/dovida.ch.bluebird.pw\/fr\/#\/schema\/logo\/image\/\",\"url\":\"https:\/\/dovida.ch.bluebird.pw\/wp-content\/uploads\/sites\/7\/2025\/03\/organization-logo.jpg\",\"contentUrl\":\"https:\/\/dovida.ch.bluebird.pw\/wp-content\/uploads\/sites\/7\/2025\/03\/organization-logo.jpg\",\"width\":696,\"height\":696,\"caption\":\"Dovida\"},\"image\":{\"@id\":\"https:\/\/dovida.ch.bluebird.pw\/fr\/#\/schema\/logo\/image\/\"}}]}<\/script>\n<!-- \/ Yoast SEO plugin. -->","yoast_head_json":{"title":"\u00c0 propos du comit\u00e9 consultatif de l\u2019accompagnement \u00e0 domicile chez Dovida","description":"Rencontrez les membres du comit\u00e9 Dovida, garants de notre engagement envers un accompagnement \u00e0 domicile, de haute qualit\u00e9, centr\u00e9 sur l\u2019individu, pour personne \u00e2g\u00e9e et handicap\u00e9e.","robots":{"index":"noindex","follow":"nofollow","max-snippet":"max-snippet:-1","max-image-preview":"max-image-preview:large","max-video-preview":"max-video-preview:-1"},"og_locale":"fr_FR","og_type":"article","og_title":"\u00c0 propos du comit\u00e9 consultatif de l\u2019accompagnement \u00e0 domicile chez Dovida","og_description":"Rencontrez les membres du comit\u00e9 Dovida, garants de notre engagement envers un accompagnement \u00e0 domicile, de haute qualit\u00e9, centr\u00e9 sur l\u2019individu, pour personne \u00e2g\u00e9e et handicap\u00e9e.","og_url":"https:\/\/dovida.ch.bluebird.pw\/fr\/a-propos-de-nous\/direction-generale\/","og_site_name":"Dovida CH","article_modified_time":"2025-05-07T10:07:47+00:00","og_image":[{"url":"https:\/\/dovida.ch.bluebird.pw\/wp-content\/uploads\/sites\/7\/2025\/02\/Dovida-home-care-agency-logo-placeholder.png","type":"","width":"","height":""}],"twitter_card":"summary_large_image","twitter_misc":{"Dur\u00e9e de lecture estim\u00e9e":"1 minute"},"schema":{"@context":"https:\/\/schema.org","@graph":[{"@type":"WebPage","@id":"https:\/\/dovida.ch.bluebird.pw\/fr\/a-propos-de-nous\/direction-generale\/","url":"https:\/\/dovida.ch.bluebird.pw\/fr\/a-propos-de-nous\/direction-generale\/","name":"\u00c0 propos du comit\u00e9 consultatif de l\u2019accompagnement \u00e0 domicile chez Dovida","isPartOf":{"@id":"https:\/\/dovida.ch.bluebird.pw\/fr\/#website"},"primaryImageOfPage":{"@id":"https:\/\/dovida.ch.bluebird.pw\/fr\/a-propos-de-nous\/direction-generale\/#primaryimage"},"image":{"@id":"https:\/\/dovida.ch.bluebird.pw\/fr\/a-propos-de-nous\/direction-generale\/#primaryimage"},"thumbnailUrl":"https:\/\/dovida.ch.bluebird.pw\/wp-content\/uploads\/sites\/7\/2025\/02\/Dovida-home-care-agency-logo-placeholder.png","datePublished":"2025-02-03T15:36:05+00:00","dateModified":"2025-05-07T10:07:47+00:00","description":"Rencontrez les membres du comit\u00e9 Dovida, garants de notre engagement envers un accompagnement \u00e0 domicile, de haute qualit\u00e9, centr\u00e9 sur l\u2019individu, pour personne \u00e2g\u00e9e et handicap\u00e9e.","breadcrumb":{"@id":"https:\/\/dovida.ch.bluebird.pw\/fr\/a-propos-de-nous\/direction-generale\/#breadcrumb"},"inLanguage":"fr-FR","potentialAction":[{"@type":"ReadAction","target":["https:\/\/dovida.ch.bluebird.pw\/fr\/a-propos-de-nous\/direction-generale\/"]}]},{"@type":"ImageObject","inLanguage":"fr-FR","@id":"https:\/\/dovida.ch.bluebird.pw\/fr\/a-propos-de-nous\/direction-generale\/#primaryimage","url":"https:\/\/dovida.ch.bluebird.pw\/wp-content\/uploads\/sites\/7\/2025\/02\/Dovida-home-care-agency-logo-placeholder.png","contentUrl":"https:\/\/dovida.ch.bluebird.pw\/wp-content\/uploads\/sites\/7\/2025\/02\/Dovida-home-care-agency-logo-placeholder.png"},{"@type":"BreadcrumbList","@id":"https:\/\/dovida.ch.bluebird.pw\/fr\/a-propos-de-nous\/direction-generale\/#breadcrumb","itemListElement":[{"@type":"ListItem","position":1,"name":"Home","item":"https:\/\/dovida.ch.bluebird.pw\/fr\/"},{"@type":"ListItem","position":2,"name":"Direction G\u00e9n\u00e9rale"}]},{"@type":"WebSite","@id":"https:\/\/dovida.ch.bluebird.pw\/fr\/#website","url":"https:\/\/dovida.ch.bluebird.pw\/fr\/","name":"Dovida","description":"","publisher":{"@id":"https:\/\/dovida.ch.bluebird.pw\/fr\/#organization"},"potentialAction":[{"@type":"SearchAction","target":{"@type":"EntryPoint","urlTemplate":"https:\/\/dovida.ch.bluebird.pw\/fr\/?s={search_term_string}"},"query-input":{"@type":"PropertyValueSpecification","valueRequired":true,"valueName":"search_term_string"}}],"inLanguage":"fr-FR"},{"@type":"Organization","@id":"https:\/\/dovida.ch.bluebird.pw\/fr\/#organization","name":"Dovida","url":"https:\/\/dovida.ch.bluebird.pw\/fr\/","logo":{"@type":"ImageObject","inLanguage":"fr-FR","@id":"https:\/\/dovida.ch.bluebird.pw\/fr\/#\/schema\/logo\/image\/","url":"https:\/\/dovida.ch.bluebird.pw\/wp-content\/uploads\/sites\/7\/2025\/03\/organization-logo.jpg","contentUrl":"https:\/\/dovida.ch.bluebird.pw\/wp-content\/uploads\/sites\/7\/2025\/03\/organization-logo.jpg","width":696,"height":696,"caption":"Dovida"},"image":{"@id":"https:\/\/dovida.ch.bluebird.pw\/fr\/#\/schema\/logo\/image\/"}}]}},"_links":{"self":[{"href":"https:\/\/dovida.ch.bluebird.pw\/fr\/wp-json\/wp\/v2\/pages\/150","targetHints":{"allow":["GET"]}}],"collection":[{"href":"https:\/\/dovida.ch.bluebird.pw\/fr\/wp-json\/wp\/v2\/pages"}],"about":[{"href":"https:\/\/dovida.ch.bluebird.pw\/fr\/wp-json\/wp\/v2\/types\/page"}],"author":[{"embeddable":true,"href":"https:\/\/dovida.ch.bluebird.pw\/fr\/wp-json\/wp\/v2\/users\/5"}],"replies":[{"embeddable":true,"href":"https:\/\/dovida.ch.bluebird.pw\/fr\/wp-json\/wp\/v2\/comments?post=150"}],"version-history":[{"count":9,"href":"https:\/\/dovida.ch.bluebird.pw\/fr\/wp-json\/wp\/v2\/pages\/150\/revisions"}],"predecessor-version":[{"id":3404,"href":"https:\/\/dovida.ch.bluebird.pw\/fr\/wp-json\/wp\/v2\/pages\/150\/revisions\/3404"}],"up":[{"embeddable":true,"href":"https:\/\/dovida.ch.bluebird.pw\/fr\/wp-json\/wp\/v2\/pages\/136"}],"wp:attachment":[{"href":"https:\/\/dovida.ch.bluebird.pw\/fr\/wp-json\/wp\/v2\/media?parent=150"}],"curies":[{"name":"wp","href":"https:\/\/api.w.org\/{rel}","templated":true}]}}