{"id":1265,"date":"2025-02-18T14:05:48","date_gmt":"2025-02-18T14:05:48","guid":{"rendered":"https:\/\/dovida.ch.bluebird.pw\/carriere\/emplois-de-bureau-copy\/"},"modified":"2025-02-21T13:25:26","modified_gmt":"2025-02-21T13:25:26","slug":"details-id-101651","status":"publish","type":"page","link":"https:\/\/dovida.ch.bluebird.pw\/fr\/carriere\/emplois-de-bureau\/details-id-101651\/","title":{"rendered":"Planificateur\/trice"},"content":{"rendered":"\n<section class=\"wp-block-dovida-split-screen-cover mt-split-screen-cover mt-split-screen-cover--align-media-left\"><div class=\"mt-split-screen-cover__inner page-container\"><div class=\"mt-split-screen-cover__image-container object-fit\"><img decoding=\"async\" class=\"mt-split-screen-cover__image-container object-fit\" src=\"https:\/\/dovida.ch.bluebird.pw\/wp-content\/uploads\/sites\/7\/2025\/02\/Dovida-home-care-agency-logo-placeholder.png\" alt=\"&quot;&quot;\" style=\"object-position:center\"\/><\/div><div class=\"mt-split-screen-cover__text-container\"><h1 class=\"mt-title mt-split-screen-cover__title mt-title\">Planificateur\/trice \u00e0 100%<\/h1>\n<p>Publication: 04.03.2025<br>R\u00e9gion: Villars-sur-Gl\u00e2ne\/FR<\/p>\n\n\n\n<div class=\"wp-block-buttons is-layout-flex wp-block-buttons-is-layout-flex\">\n<div class=\"wp-block-button\"><a class=\"wp-block-button__link wp-element-button\" href=\"mailto:alfred.bonin@dovida.ch\">Appliquer maintenant<\/a><\/div>\n<\/div>\n<\/div><\/div><\/section>\n\n\n\n<section class=\"mtSpacing-top-large wp-block-dovida-post-content mt-post-content\"><div class=\"mt-post-content__inner\"><div class=\"mt-post-content__content\">\n<h2 class=\"wp-block-heading has-mt-heading-2-laptop-font-size\">Vos t\u00e2ches<\/h2>\n\n\n\n<ul class=\"wp-block-list\">\n<li>Assurer une communication claire entre les intervenants et les clients<\/li>\n\n\n\n<li>G\u00e9rer les horaires et les affectations du personnel de soins \u00e0 domicile selon la loi du travail<\/li>\n\n\n\n<li>R\u00e9pondre aux demandes et aux besoins changeants de notre client\u00e8le de mani\u00e8re efficace<\/li>\n\n\n\n<li>Assurer la planification de votre secteur mensuellement<\/li>\n<\/ul>\n<\/div><\/div><\/section>\n\n\n\n<section class=\"mtSpacing-top-large wp-block-dovida-post-content mt-post-content\"><div class=\"mt-post-content__inner\"><div class=\"mt-post-content__content\">\n<h2 class=\"wp-block-heading has-mt-heading-2-laptop-font-size\">Votre profil<\/h2>\n\n\n\n<ul class=\"wp-block-list\">\n<li>CFC de commerce et d&rsquo;une exp\u00e9rience confirm\u00e9e d&rsquo;au moins 3 ans dans une fonction de planification<\/li>\n\n\n\n<li>Bilingue allemand-fran\u00e7ais, parl\u00e9 et \u00e9crit<\/li>\n\n\n\n<li>Tr\u00e8s bonnes connaissances de MS Office ainsi que des applications ERP courantes<\/li>\n\n\n\n<li>Talent organisationnel et comp\u00e9tences en n\u00e9gociation<\/li>\n\n\n\n<li>Resistente au stress et flexible dans l&rsquo;organisation du travail<\/li>\n\n\n\n<li>Libre de suite<\/li>\n<\/ul>\n<\/div><\/div><\/section>\n\n\n\n<section class=\"mtSpacing-top-large wp-block-dovida-post-content mt-post-content\"><div class=\"mt-post-content__inner\"><div class=\"mt-post-content__content\">\n<h2 class=\"wp-block-heading has-mt-heading-2-laptop-font-size\">Contact<\/h2>\n\n\n\n<p>Dovida &#8211; Seniors Services Suisse SA<br>Route de Prilly 23<br>1023 Crissier<\/p>\n<\/div><\/div><\/section>\n\n\n\n<section class=\"mtSpacing-top-medium mtSpacing-bottom-large wp-block-dovida-post-content mt-post-content\"><div class=\"mt-post-content__inner\"><div class=\"mt-post-content__content\">\n<div class=\"wp-block-buttons is-layout-flex wp-block-buttons-is-layout-flex\">\n<div class=\"wp-block-button\"><a class=\"wp-block-button__link wp-element-button\" href=\"mailto:alfred.bonin@dovida.ch\">Appliquer maintenant<\/a><\/div>\n<\/div>\n<\/div><\/div><\/section>\n","protected":false},"excerpt":{"rendered":"","protected":false},"author":5,"featured_media":0,"parent":66,"menu_order":0,"comment_status":"closed","ping_status":"closed","template":"","meta":{"_acf_changed":false,"footnotes":""},"class_list":["post-1265","page","type-page","status-publish","hentry"],"acf":[],"yoast_head":"<!-- This site is optimized with the Yoast SEO plugin v26.3 - https:\/\/yoast.com\/wordpress\/plugins\/seo\/ -->\n<title>Planificateur\/trice - Dovida CH<\/title>\n<meta name=\"robots\" content=\"noindex, follow, max-snippet:-1, max-image-preview:large, max-video-preview:-1\" \/>\n<meta property=\"og:locale\" content=\"fr_FR\" \/>\n<meta property=\"og:type\" content=\"article\" \/>\n<meta property=\"og:title\" content=\"Planificateur\/trice - Dovida CH\" \/>\n<meta property=\"og:url\" content=\"https:\/\/dovida.ch.bluebird.pw\/fr\/carriere\/emplois-de-bureau\/details-id-101651\/\" \/>\n<meta property=\"og:site_name\" content=\"Dovida CH\" \/>\n<meta property=\"article:modified_time\" content=\"2025-02-21T13:25:26+00:00\" \/>\n<meta property=\"og:image\" content=\"https:\/\/dovida.ch.bluebird.pw\/wp-content\/uploads\/sites\/7\/2025\/02\/Dovida-home-care-agency-logo-placeholder.png\" \/>\n<meta name=\"twitter:card\" content=\"summary_large_image\" \/>\n<meta name=\"twitter:label1\" content=\"Dur\u00e9e de lecture estim\u00e9e\" \/>\n\t<meta name=\"twitter:data1\" content=\"1 minute\" \/>\n<script type=\"application\/ld+json\" class=\"yoast-schema-graph\">{\"@context\":\"https:\/\/schema.org\",\"@graph\":[{\"@type\":\"WebPage\",\"@id\":\"https:\/\/dovida.ch.bluebird.pw\/fr\/carriere\/emplois-de-bureau\/details-id-101651\/\",\"url\":\"https:\/\/dovida.ch.bluebird.pw\/fr\/carriere\/emplois-de-bureau\/details-id-101651\/\",\"name\":\"Planificateur\/trice - Dovida CH\",\"isPartOf\":{\"@id\":\"https:\/\/dovida.ch.bluebird.pw\/fr\/#website\"},\"primaryImageOfPage\":{\"@id\":\"https:\/\/dovida.ch.bluebird.pw\/fr\/carriere\/emplois-de-bureau\/details-id-101651\/#primaryimage\"},\"image\":{\"@id\":\"https:\/\/dovida.ch.bluebird.pw\/fr\/carriere\/emplois-de-bureau\/details-id-101651\/#primaryimage\"},\"thumbnailUrl\":\"https:\/\/dovida.ch.bluebird.pw\/wp-content\/uploads\/sites\/7\/2025\/02\/Dovida-home-care-agency-logo-placeholder.png\",\"datePublished\":\"2025-02-18T14:05:48+00:00\",\"dateModified\":\"2025-02-21T13:25:26+00:00\",\"breadcrumb\":{\"@id\":\"https:\/\/dovida.ch.bluebird.pw\/fr\/carriere\/emplois-de-bureau\/details-id-101651\/#breadcrumb\"},\"inLanguage\":\"fr-FR\",\"potentialAction\":[{\"@type\":\"ReadAction\",\"target\":[\"https:\/\/dovida.ch.bluebird.pw\/fr\/carriere\/emplois-de-bureau\/details-id-101651\/\"]}]},{\"@type\":\"ImageObject\",\"inLanguage\":\"fr-FR\",\"@id\":\"https:\/\/dovida.ch.bluebird.pw\/fr\/carriere\/emplois-de-bureau\/details-id-101651\/#primaryimage\",\"url\":\"https:\/\/dovida.ch.bluebird.pw\/wp-content\/uploads\/sites\/7\/2025\/02\/Dovida-home-care-agency-logo-placeholder.png\",\"contentUrl\":\"https:\/\/dovida.ch.bluebird.pw\/wp-content\/uploads\/sites\/7\/2025\/02\/Dovida-home-care-agency-logo-placeholder.png\"},{\"@type\":\"BreadcrumbList\",\"@id\":\"https:\/\/dovida.ch.bluebird.pw\/fr\/carriere\/emplois-de-bureau\/details-id-101651\/#breadcrumb\",\"itemListElement\":[{\"@type\":\"ListItem\",\"position\":1,\"name\":\"Home\",\"item\":\"https:\/\/dovida.ch.bluebird.pw\/fr\/\"},{\"@type\":\"ListItem\",\"position\":2,\"name\":\"Planificateur\/trice\"}]},{\"@type\":\"WebSite\",\"@id\":\"https:\/\/dovida.ch.bluebird.pw\/fr\/#website\",\"url\":\"https:\/\/dovida.ch.bluebird.pw\/fr\/\",\"name\":\"Dovida\",\"description\":\"\",\"publisher\":{\"@id\":\"https:\/\/dovida.ch.bluebird.pw\/fr\/#organization\"},\"potentialAction\":[{\"@type\":\"SearchAction\",\"target\":{\"@type\":\"EntryPoint\",\"urlTemplate\":\"https:\/\/dovida.ch.bluebird.pw\/fr\/?s={search_term_string}\"},\"query-input\":{\"@type\":\"PropertyValueSpecification\",\"valueRequired\":true,\"valueName\":\"search_term_string\"}}],\"inLanguage\":\"fr-FR\"},{\"@type\":\"Organization\",\"@id\":\"https:\/\/dovida.ch.bluebird.pw\/fr\/#organization\",\"name\":\"Dovida\",\"url\":\"https:\/\/dovida.ch.bluebird.pw\/fr\/\",\"logo\":{\"@type\":\"ImageObject\",\"inLanguage\":\"fr-FR\",\"@id\":\"https:\/\/dovida.ch.bluebird.pw\/fr\/#\/schema\/logo\/image\/\",\"url\":\"https:\/\/dovida.ch.bluebird.pw\/wp-content\/uploads\/sites\/7\/2025\/03\/organization-logo.jpg\",\"contentUrl\":\"https:\/\/dovida.ch.bluebird.pw\/wp-content\/uploads\/sites\/7\/2025\/03\/organization-logo.jpg\",\"width\":696,\"height\":696,\"caption\":\"Dovida\"},\"image\":{\"@id\":\"https:\/\/dovida.ch.bluebird.pw\/fr\/#\/schema\/logo\/image\/\"}}]}<\/script>\n<!-- \/ Yoast SEO plugin. -->","yoast_head_json":{"title":"Planificateur\/trice - Dovida CH","robots":{"index":"noindex","follow":"follow","max-snippet":"max-snippet:-1","max-image-preview":"max-image-preview:large","max-video-preview":"max-video-preview:-1"},"og_locale":"fr_FR","og_type":"article","og_title":"Planificateur\/trice - Dovida CH","og_url":"https:\/\/dovida.ch.bluebird.pw\/fr\/carriere\/emplois-de-bureau\/details-id-101651\/","og_site_name":"Dovida CH","article_modified_time":"2025-02-21T13:25:26+00:00","og_image":[{"url":"https:\/\/dovida.ch.bluebird.pw\/wp-content\/uploads\/sites\/7\/2025\/02\/Dovida-home-care-agency-logo-placeholder.png","type":"","width":"","height":""}],"twitter_card":"summary_large_image","twitter_misc":{"Dur\u00e9e de lecture estim\u00e9e":"1 minute"},"schema":{"@context":"https:\/\/schema.org","@graph":[{"@type":"WebPage","@id":"https:\/\/dovida.ch.bluebird.pw\/fr\/carriere\/emplois-de-bureau\/details-id-101651\/","url":"https:\/\/dovida.ch.bluebird.pw\/fr\/carriere\/emplois-de-bureau\/details-id-101651\/","name":"Planificateur\/trice - Dovida CH","isPartOf":{"@id":"https:\/\/dovida.ch.bluebird.pw\/fr\/#website"},"primaryImageOfPage":{"@id":"https:\/\/dovida.ch.bluebird.pw\/fr\/carriere\/emplois-de-bureau\/details-id-101651\/#primaryimage"},"image":{"@id":"https:\/\/dovida.ch.bluebird.pw\/fr\/carriere\/emplois-de-bureau\/details-id-101651\/#primaryimage"},"thumbnailUrl":"https:\/\/dovida.ch.bluebird.pw\/wp-content\/uploads\/sites\/7\/2025\/02\/Dovida-home-care-agency-logo-placeholder.png","datePublished":"2025-02-18T14:05:48+00:00","dateModified":"2025-02-21T13:25:26+00:00","breadcrumb":{"@id":"https:\/\/dovida.ch.bluebird.pw\/fr\/carriere\/emplois-de-bureau\/details-id-101651\/#breadcrumb"},"inLanguage":"fr-FR","potentialAction":[{"@type":"ReadAction","target":["https:\/\/dovida.ch.bluebird.pw\/fr\/carriere\/emplois-de-bureau\/details-id-101651\/"]}]},{"@type":"ImageObject","inLanguage":"fr-FR","@id":"https:\/\/dovida.ch.bluebird.pw\/fr\/carriere\/emplois-de-bureau\/details-id-101651\/#primaryimage","url":"https:\/\/dovida.ch.bluebird.pw\/wp-content\/uploads\/sites\/7\/2025\/02\/Dovida-home-care-agency-logo-placeholder.png","contentUrl":"https:\/\/dovida.ch.bluebird.pw\/wp-content\/uploads\/sites\/7\/2025\/02\/Dovida-home-care-agency-logo-placeholder.png"},{"@type":"BreadcrumbList","@id":"https:\/\/dovida.ch.bluebird.pw\/fr\/carriere\/emplois-de-bureau\/details-id-101651\/#breadcrumb","itemListElement":[{"@type":"ListItem","position":1,"name":"Home","item":"https:\/\/dovida.ch.bluebird.pw\/fr\/"},{"@type":"ListItem","position":2,"name":"Planificateur\/trice"}]},{"@type":"WebSite","@id":"https:\/\/dovida.ch.bluebird.pw\/fr\/#website","url":"https:\/\/dovida.ch.bluebird.pw\/fr\/","name":"Dovida","description":"","publisher":{"@id":"https:\/\/dovida.ch.bluebird.pw\/fr\/#organization"},"potentialAction":[{"@type":"SearchAction","target":{"@type":"EntryPoint","urlTemplate":"https:\/\/dovida.ch.bluebird.pw\/fr\/?s={search_term_string}"},"query-input":{"@type":"PropertyValueSpecification","valueRequired":true,"valueName":"search_term_string"}}],"inLanguage":"fr-FR"},{"@type":"Organization","@id":"https:\/\/dovida.ch.bluebird.pw\/fr\/#organization","name":"Dovida","url":"https:\/\/dovida.ch.bluebird.pw\/fr\/","logo":{"@type":"ImageObject","inLanguage":"fr-FR","@id":"https:\/\/dovida.ch.bluebird.pw\/fr\/#\/schema\/logo\/image\/","url":"https:\/\/dovida.ch.bluebird.pw\/wp-content\/uploads\/sites\/7\/2025\/03\/organization-logo.jpg","contentUrl":"https:\/\/dovida.ch.bluebird.pw\/wp-content\/uploads\/sites\/7\/2025\/03\/organization-logo.jpg","width":696,"height":696,"caption":"Dovida"},"image":{"@id":"https:\/\/dovida.ch.bluebird.pw\/fr\/#\/schema\/logo\/image\/"}}]}},"_links":{"self":[{"href":"https:\/\/dovida.ch.bluebird.pw\/fr\/wp-json\/wp\/v2\/pages\/1265","targetHints":{"allow":["GET"]}}],"collection":[{"href":"https:\/\/dovida.ch.bluebird.pw\/fr\/wp-json\/wp\/v2\/pages"}],"about":[{"href":"https:\/\/dovida.ch.bluebird.pw\/fr\/wp-json\/wp\/v2\/types\/page"}],"author":[{"embeddable":true,"href":"https:\/\/dovida.ch.bluebird.pw\/fr\/wp-json\/wp\/v2\/users\/5"}],"replies":[{"embeddable":true,"href":"https:\/\/dovida.ch.bluebird.pw\/fr\/wp-json\/wp\/v2\/comments?post=1265"}],"version-history":[{"count":9,"href":"https:\/\/dovida.ch.bluebird.pw\/fr\/wp-json\/wp\/v2\/pages\/1265\/revisions"}],"predecessor-version":[{"id":2496,"href":"https:\/\/dovida.ch.bluebird.pw\/fr\/wp-json\/wp\/v2\/pages\/1265\/revisions\/2496"}],"up":[{"embeddable":true,"href":"https:\/\/dovida.ch.bluebird.pw\/fr\/wp-json\/wp\/v2\/pages\/66"}],"wp:attachment":[{"href":"https:\/\/dovida.ch.bluebird.pw\/fr\/wp-json\/wp\/v2\/media?parent=1265"}],"curies":[{"name":"wp","href":"https:\/\/api.w.org\/{rel}","templated":true}]}}